{"id":22819,"date":"2024-09-28T19:30:47","date_gmt":"2024-09-28T17:30:47","guid":{"rendered":"https:\/\/www.deltatrailers.fr\/?post_type=product&#038;p=22819"},"modified":"2024-09-28T19:30:47","modified_gmt":"2024-09-28T17:30:47","slug":"kraker-fond-mouvant-porte-hydraulique-neuf","status":"publish","type":"product","link":"https:\/\/www.deltatrailers.fr\/en\/produit\/kraker-fond-mouvant-porte-hydraulique-neuf\/","title":{"rendered":"KRAKER &#8211; Fond mouvant porte hydraulique &#8211; Neuf"},"content":{"rendered":"<p>Semi remorque \u00e0 fond mouvant de marque KRAKER Trailers<br \/>\nMod\u00e8le Neuf avec Porte Hydraulique<br \/>\nRenforc\u00e9 DIB<br \/>\n3X SAF 1er relevable et suspension int\u00e9grale SAF<br \/>\n92m3<br \/>\nplancher 8\/18 HDI (attention sur photo c&#8217;est un plancher lisse de 10mm)<br \/>\nT\u00f4le d&#8217;usure int\u00e9rieur 3mm<br \/>\nB\u00e2che hydraulique papillon filet VBK<br \/>\nPalplanches 60cm soud\u00e9es int\u00e9gralement de haut en bas<br \/>\nCrochet de remorquage<br \/>\nT\u00e9l\u00e9commande de plancher sans fil<\/p>\n<p>Renseignez vous aupr\u00e8s de S\u00e9bastien 06 07 79 33 95<br \/>\nDispo actuellement<\/p>\n","protected":false},"excerpt":{"rendered":"<p>Semi remorque \u00e0 fond mouvant de marque KRAKER Trailers Mod\u00e8le Neuf avec Porte Hydraulique Renforc\u00e9 DIB 3X SAF 1er relevable et suspension int\u00e9grale SAF 92m3 plancher 8\/18 HDI (attention sur photo c&#8217;est un plancher lisse de 10mm) T\u00f4le d&#8217;usure int\u00e9rieur 3mm B\u00e2che hydraulique papillon filet VBK Palplanches 60cm soud\u00e9es int\u00e9gralement de haut en bas Crochet [&hellip;]<\/p>\n","protected":false},"featured_media":3633,"template":"","meta":{"_acf_changed":false},"product_brand":[],"product_cat":[],"product_tag":[],"class_list":{"0":"post-22819","1":"product","2":"type-product","3":"status-publish","4":"has-post-thumbnail","7":"first","8":"instock","9":"shipping-taxable","10":"product-type-simple"},"acf":[],"yoast_head":"<!-- This site is optimized with the Yoast SEO plugin v26.3 - https:\/\/yoast.com\/wordpress\/plugins\/seo\/ -->\n<title>KRAKER - Fond mouvant porte hydraulique - Neuf - DELTA\ud83d\udd3aTRAILERS<\/title>\n<meta name=\"robots\" content=\"index, follow, max-snippet:-1, max-image-preview:large, max-video-preview:-1\" \/>\n<link rel=\"canonical\" href=\"https:\/\/www.deltatrailers.fr\/en\/produit\/kraker-fond-mouvant-porte-hydraulique-neuf\/\" \/>\n<meta property=\"og:locale\" content=\"en_US\" \/>\n<meta property=\"og:type\" content=\"article\" \/>\n<meta property=\"og:title\" content=\"KRAKER - Fond mouvant porte hydraulique - Neuf - DELTA\ud83d\udd3aTRAILERS\" \/>\n<meta property=\"og:description\" content=\"Semi remorque \u00e0 fond mouvant de marque KRAKER Trailers Mod\u00e8le Neuf avec Porte Hydraulique Renforc\u00e9 DIB 3X SAF 1er relevable et suspension int\u00e9grale SAF 92m3 plancher 8\/18 HDI (attention sur photo c&#8217;est un plancher lisse de 10mm) T\u00f4le d&#8217;usure int\u00e9rieur 3mm B\u00e2che hydraulique papillon filet VBK Palplanches 60cm soud\u00e9es int\u00e9gralement de haut en bas Crochet [&hellip;]\" \/>\n<meta property=\"og:url\" content=\"https:\/\/www.deltatrailers.fr\/en\/produit\/kraker-fond-mouvant-porte-hydraulique-neuf\/\" \/>\n<meta property=\"og:site_name\" content=\"DELTA\ud83d\udd3aTRAILERS\" \/>\n<meta property=\"article:publisher\" content=\"https:\/\/www.facebook.com\/deltatrailers.fr\" \/>\n<meta property=\"og:image\" content=\"https:\/\/www.deltatrailers.fr\/wp-content\/uploads\/2020\/05\/Deltatrailers-krakerFmaportehydrsemiremorques10.jpg\" \/>\n\t<meta property=\"og:image:width\" content=\"2016\" \/>\n\t<meta property=\"og:image:height\" content=\"1512\" \/>\n\t<meta property=\"og:image:type\" content=\"image\/jpeg\" \/>\n<meta name=\"twitter:card\" content=\"summary_large_image\" \/>\n<script type=\"application\/ld+json\" class=\"yoast-schema-graph\">{\"@context\":\"https:\/\/schema.org\",\"@graph\":[{\"@type\":\"WebPage\",\"@id\":\"https:\/\/www.deltatrailers.fr\/en\/produit\/kraker-fond-mouvant-porte-hydraulique-neuf\/\",\"url\":\"https:\/\/www.deltatrailers.fr\/en\/produit\/kraker-fond-mouvant-porte-hydraulique-neuf\/\",\"name\":\"KRAKER - Fond mouvant porte hydraulique - Neuf - DELTA\ud83d\udd3aTRAILERS\",\"isPartOf\":{\"@id\":\"https:\/\/www.deltatrailers.fr\/#website\"},\"primaryImageOfPage\":{\"@id\":\"https:\/\/www.deltatrailers.fr\/en\/produit\/kraker-fond-mouvant-porte-hydraulique-neuf\/#primaryimage\"},\"image\":{\"@id\":\"https:\/\/www.deltatrailers.fr\/en\/produit\/kraker-fond-mouvant-porte-hydraulique-neuf\/#primaryimage\"},\"thumbnailUrl\":\"https:\/\/www.deltatrailers.fr\/wp-content\/uploads\/2020\/05\/Deltatrailers-krakerFmaportehydrsemiremorques10.jpg\",\"datePublished\":\"2024-09-28T17:30:47+00:00\",\"breadcrumb\":{\"@id\":\"https:\/\/www.deltatrailers.fr\/en\/produit\/kraker-fond-mouvant-porte-hydraulique-neuf\/#breadcrumb\"},\"inLanguage\":\"en-US\",\"potentialAction\":[{\"@type\":\"ReadAction\",\"target\":[\"https:\/\/www.deltatrailers.fr\/en\/produit\/kraker-fond-mouvant-porte-hydraulique-neuf\/\"]}]},{\"@type\":\"ImageObject\",\"inLanguage\":\"en-US\",\"@id\":\"https:\/\/www.deltatrailers.fr\/en\/produit\/kraker-fond-mouvant-porte-hydraulique-neuf\/#primaryimage\",\"url\":\"https:\/\/www.deltatrailers.fr\/wp-content\/uploads\/2020\/05\/Deltatrailers-krakerFmaportehydrsemiremorques10.jpg\",\"contentUrl\":\"https:\/\/www.deltatrailers.fr\/wp-content\/uploads\/2020\/05\/Deltatrailers-krakerFmaportehydrsemiremorques10.jpg\",\"width\":2016,\"height\":1512},{\"@type\":\"BreadcrumbList\",\"@id\":\"https:\/\/www.deltatrailers.fr\/en\/produit\/kraker-fond-mouvant-porte-hydraulique-neuf\/#breadcrumb\",\"itemListElement\":[{\"@type\":\"ListItem\",\"position\":1,\"name\":\"Accueil\",\"item\":\"https:\/\/www.deltatrailers.fr\/en\/\"},{\"@type\":\"ListItem\",\"position\":2,\"name\":\"Produits\",\"item\":\"https:\/\/www.deltatrailers.fr\/shop\/\"},{\"@type\":\"ListItem\",\"position\":3,\"name\":\"KRAKER &#8211; Fond mouvant porte hydraulique &#8211; Neuf\"}]},{\"@type\":\"WebSite\",\"@id\":\"https:\/\/www.deltatrailers.fr\/#website\",\"url\":\"https:\/\/www.deltatrailers.fr\/\",\"name\":\"DELTA\ud83d\udd3aTRAILERS\",\"description\":\"Delta Trailers Delta Trailers, distributeur de remorques et semi remorques neuves et occasions en Eure &amp; Loir.\",\"publisher\":{\"@id\":\"https:\/\/www.deltatrailers.fr\/#organization\"},\"potentialAction\":[{\"@type\":\"SearchAction\",\"target\":{\"@type\":\"EntryPoint\",\"urlTemplate\":\"https:\/\/www.deltatrailers.fr\/?s={search_term_string}\"},\"query-input\":{\"@type\":\"PropertyValueSpecification\",\"valueRequired\":true,\"valueName\":\"search_term_string\"}}],\"inLanguage\":\"en-US\"},{\"@type\":\"Organization\",\"@id\":\"https:\/\/www.deltatrailers.fr\/#organization\",\"name\":\"Delta Trailers\",\"url\":\"https:\/\/www.deltatrailers.fr\/\",\"logo\":{\"@type\":\"ImageObject\",\"inLanguage\":\"en-US\",\"@id\":\"https:\/\/www.deltatrailers.fr\/#\/schema\/logo\/image\/\",\"url\":\"https:\/\/www.deltatrailers.fr\/wp-content\/uploads\/2020\/01\/logo-b77c6ae2f55f54e097d743d409cef4a6.png\",\"contentUrl\":\"https:\/\/www.deltatrailers.fr\/wp-content\/uploads\/2020\/01\/logo-b77c6ae2f55f54e097d743d409cef4a6.png\",\"width\":357,\"height\":49,\"caption\":\"Delta Trailers\"},\"image\":{\"@id\":\"https:\/\/www.deltatrailers.fr\/#\/schema\/logo\/image\/\"},\"sameAs\":[\"https:\/\/www.facebook.com\/deltatrailers.fr\",\"https:\/\/www.instagram.com\/deltatrailers\/\",\"https:\/\/www.linkedin.com\/company\/deltatrailers\/\",\"https:\/\/www.youtube.com\/channel\/UC1Sdix0oUAnDXX2RKuWxixg\"]}]}<\/script>\n<!-- \/ Yoast SEO plugin. -->","yoast_head_json":{"title":"KRAKER - Fond mouvant porte hydraulique - Neuf - DELTA\ud83d\udd3aTRAILERS","robots":{"index":"index","follow":"follow","max-snippet":"max-snippet:-1","max-image-preview":"max-image-preview:large","max-video-preview":"max-video-preview:-1"},"canonical":"https:\/\/www.deltatrailers.fr\/en\/produit\/kraker-fond-mouvant-porte-hydraulique-neuf\/","og_locale":"en_US","og_type":"article","og_title":"KRAKER - Fond mouvant porte hydraulique - Neuf - DELTA\ud83d\udd3aTRAILERS","og_description":"Semi remorque \u00e0 fond mouvant de marque KRAKER Trailers Mod\u00e8le Neuf avec Porte Hydraulique Renforc\u00e9 DIB 3X SAF 1er relevable et suspension int\u00e9grale SAF 92m3 plancher 8\/18 HDI (attention sur photo c&#8217;est un plancher lisse de 10mm) T\u00f4le d&#8217;usure int\u00e9rieur 3mm B\u00e2che hydraulique papillon filet VBK Palplanches 60cm soud\u00e9es int\u00e9gralement de haut en bas Crochet [&hellip;]","og_url":"https:\/\/www.deltatrailers.fr\/en\/produit\/kraker-fond-mouvant-porte-hydraulique-neuf\/","og_site_name":"DELTA\ud83d\udd3aTRAILERS","article_publisher":"https:\/\/www.facebook.com\/deltatrailers.fr","og_image":[{"width":2016,"height":1512,"url":"https:\/\/www.deltatrailers.fr\/wp-content\/uploads\/2020\/05\/Deltatrailers-krakerFmaportehydrsemiremorques10.jpg","type":"image\/jpeg"}],"twitter_card":"summary_large_image","schema":{"@context":"https:\/\/schema.org","@graph":[{"@type":"WebPage","@id":"https:\/\/www.deltatrailers.fr\/en\/produit\/kraker-fond-mouvant-porte-hydraulique-neuf\/","url":"https:\/\/www.deltatrailers.fr\/en\/produit\/kraker-fond-mouvant-porte-hydraulique-neuf\/","name":"KRAKER - Fond mouvant porte hydraulique - Neuf - DELTA\ud83d\udd3aTRAILERS","isPartOf":{"@id":"https:\/\/www.deltatrailers.fr\/#website"},"primaryImageOfPage":{"@id":"https:\/\/www.deltatrailers.fr\/en\/produit\/kraker-fond-mouvant-porte-hydraulique-neuf\/#primaryimage"},"image":{"@id":"https:\/\/www.deltatrailers.fr\/en\/produit\/kraker-fond-mouvant-porte-hydraulique-neuf\/#primaryimage"},"thumbnailUrl":"https:\/\/www.deltatrailers.fr\/wp-content\/uploads\/2020\/05\/Deltatrailers-krakerFmaportehydrsemiremorques10.jpg","datePublished":"2024-09-28T17:30:47+00:00","breadcrumb":{"@id":"https:\/\/www.deltatrailers.fr\/en\/produit\/kraker-fond-mouvant-porte-hydraulique-neuf\/#breadcrumb"},"inLanguage":"en-US","potentialAction":[{"@type":"ReadAction","target":["https:\/\/www.deltatrailers.fr\/en\/produit\/kraker-fond-mouvant-porte-hydraulique-neuf\/"]}]},{"@type":"ImageObject","inLanguage":"en-US","@id":"https:\/\/www.deltatrailers.fr\/en\/produit\/kraker-fond-mouvant-porte-hydraulique-neuf\/#primaryimage","url":"https:\/\/www.deltatrailers.fr\/wp-content\/uploads\/2020\/05\/Deltatrailers-krakerFmaportehydrsemiremorques10.jpg","contentUrl":"https:\/\/www.deltatrailers.fr\/wp-content\/uploads\/2020\/05\/Deltatrailers-krakerFmaportehydrsemiremorques10.jpg","width":2016,"height":1512},{"@type":"BreadcrumbList","@id":"https:\/\/www.deltatrailers.fr\/en\/produit\/kraker-fond-mouvant-porte-hydraulique-neuf\/#breadcrumb","itemListElement":[{"@type":"ListItem","position":1,"name":"Accueil","item":"https:\/\/www.deltatrailers.fr\/en\/"},{"@type":"ListItem","position":2,"name":"Produits","item":"https:\/\/www.deltatrailers.fr\/shop\/"},{"@type":"ListItem","position":3,"name":"KRAKER &#8211; Fond mouvant porte hydraulique &#8211; Neuf"}]},{"@type":"WebSite","@id":"https:\/\/www.deltatrailers.fr\/#website","url":"https:\/\/www.deltatrailers.fr\/","name":"DELTA\ud83d\udd3aTRAILERS","description":"Delta Trailers Delta Trailers, distributeur de remorques et semi remorques neuves et occasions en Eure &amp; Loir.","publisher":{"@id":"https:\/\/www.deltatrailers.fr\/#organization"},"potentialAction":[{"@type":"SearchAction","target":{"@type":"EntryPoint","urlTemplate":"https:\/\/www.deltatrailers.fr\/?s={search_term_string}"},"query-input":{"@type":"PropertyValueSpecification","valueRequired":true,"valueName":"search_term_string"}}],"inLanguage":"en-US"},{"@type":"Organization","@id":"https:\/\/www.deltatrailers.fr\/#organization","name":"Delta Trailers","url":"https:\/\/www.deltatrailers.fr\/","logo":{"@type":"ImageObject","inLanguage":"en-US","@id":"https:\/\/www.deltatrailers.fr\/#\/schema\/logo\/image\/","url":"https:\/\/www.deltatrailers.fr\/wp-content\/uploads\/2020\/01\/logo-b77c6ae2f55f54e097d743d409cef4a6.png","contentUrl":"https:\/\/www.deltatrailers.fr\/wp-content\/uploads\/2020\/01\/logo-b77c6ae2f55f54e097d743d409cef4a6.png","width":357,"height":49,"caption":"Delta Trailers"},"image":{"@id":"https:\/\/www.deltatrailers.fr\/#\/schema\/logo\/image\/"},"sameAs":["https:\/\/www.facebook.com\/deltatrailers.fr","https:\/\/www.instagram.com\/deltatrailers\/","https:\/\/www.linkedin.com\/company\/deltatrailers\/","https:\/\/www.youtube.com\/channel\/UC1Sdix0oUAnDXX2RKuWxixg"]}]}},"jetpack_sharing_enabled":true,"rttpg_featured_image_url":{"full":["https:\/\/www.deltatrailers.fr\/wp-content\/uploads\/2020\/05\/Deltatrailers-krakerFmaportehydrsemiremorques10.jpg",2016,1512,false],"landscape":["https:\/\/www.deltatrailers.fr\/wp-content\/uploads\/2020\/05\/Deltatrailers-krakerFmaportehydrsemiremorques10.jpg",2016,1512,false],"portraits":["https:\/\/www.deltatrailers.fr\/wp-content\/uploads\/2020\/05\/Deltatrailers-krakerFmaportehydrsemiremorques10.jpg",2016,1512,false],"thumbnail":["https:\/\/www.deltatrailers.fr\/wp-content\/uploads\/2020\/05\/Deltatrailers-krakerFmaportehydrsemiremorques10-150x150.jpg",150,150,true],"medium":["https:\/\/www.deltatrailers.fr\/wp-content\/uploads\/2020\/05\/Deltatrailers-krakerFmaportehydrsemiremorques10-300x225.jpg",300,225,true],"large":["https:\/\/www.deltatrailers.fr\/wp-content\/uploads\/2020\/05\/Deltatrailers-krakerFmaportehydrsemiremorques10-1024x768.jpg",1024,768,true],"1536x1536":["https:\/\/www.deltatrailers.fr\/wp-content\/uploads\/2020\/05\/Deltatrailers-krakerFmaportehydrsemiremorques10-1536x1152.jpg",1536,1152,true],"2048x2048":["https:\/\/www.deltatrailers.fr\/wp-content\/uploads\/2020\/05\/Deltatrailers-krakerFmaportehydrsemiremorques10.jpg",2016,1512,false],"post-thumbnail":["https:\/\/www.deltatrailers.fr\/wp-content\/uploads\/2020\/05\/Deltatrailers-krakerFmaportehydrsemiremorques10-1568x1176.jpg",1568,1176,true],"custom-dt":["https:\/\/www.deltatrailers.fr\/wp-content\/uploads\/2020\/05\/Deltatrailers-krakerFmaportehydrsemiremorques10-320x240.jpg",320,240,true],"annonce-thumb":["https:\/\/www.deltatrailers.fr\/wp-content\/uploads\/2020\/05\/Deltatrailers-krakerFmaportehydrsemiremorques10.jpg",320,240,false],"showroom":["https:\/\/www.deltatrailers.fr\/wp-content\/uploads\/2020\/05\/Deltatrailers-krakerFmaportehydrsemiremorques10-457x343.jpg",457,343,true],"woocommerce_thumbnail":["https:\/\/www.deltatrailers.fr\/wp-content\/uploads\/2020\/05\/Deltatrailers-krakerFmaportehydrsemiremorques10-300x300.jpg",300,300,true],"woocommerce_single":["https:\/\/www.deltatrailers.fr\/wp-content\/uploads\/2020\/05\/Deltatrailers-krakerFmaportehydrsemiremorques10-600x450.jpg",600,450,true],"woocommerce_gallery_thumbnail":["https:\/\/www.deltatrailers.fr\/wp-content\/uploads\/2020\/05\/Deltatrailers-krakerFmaportehydrsemiremorques10-100x100.jpg",100,100,true],"rt_custom":["https:\/\/www.deltatrailers.fr\/wp-content\/uploads\/2020\/05\/Deltatrailers-krakerFmaportehydrsemiremorques10.jpg",2016,1512,false]},"rttpg_author":{"display_name":"Eric AKAFFOU","author_link":"https:\/\/www.deltatrailers.fr\/en\/author\/"},"rttpg_comment":0,"rttpg_category":false,"rttpg_excerpt":"Semi remorque \u00e0 fond mouvant de marque KRAKER Trailers Mod\u00e8le Neuf avec Porte Hydraulique Renforc\u00e9 DIB 3X SAF 1er relevable et suspension int\u00e9grale SAF 92m3 plancher 8\/18 HDI (attention sur photo c&#8217;est un plancher lisse de 10mm) T\u00f4le d&#8217;usure int\u00e9rieur 3mm B\u00e2che hydraulique papillon filet VBK Palplanches 60cm soud\u00e9es int\u00e9gralement de haut en bas Crochet&hellip;","_links":{"self":[{"href":"https:\/\/www.deltatrailers.fr\/en\/wp-json\/wp\/v2\/product\/22819","targetHints":{"allow":["GET"]}}],"collection":[{"href":"https:\/\/www.deltatrailers.fr\/en\/wp-json\/wp\/v2\/product"}],"about":[{"href":"https:\/\/www.deltatrailers.fr\/en\/wp-json\/wp\/v2\/types\/product"}],"wp:featuredmedia":[{"embeddable":true,"href":"https:\/\/www.deltatrailers.fr\/en\/wp-json\/wp\/v2\/media\/3633"}],"wp:attachment":[{"href":"https:\/\/www.deltatrailers.fr\/en\/wp-json\/wp\/v2\/media?parent=22819"}],"wp:term":[{"taxonomy":"product_brand","embeddable":true,"href":"https:\/\/www.deltatrailers.fr\/en\/wp-json\/wp\/v2\/product_brand?post=22819"},{"taxonomy":"product_cat","embeddable":true,"href":"https:\/\/www.deltatrailers.fr\/en\/wp-json\/wp\/v2\/product_cat?post=22819"},{"taxonomy":"product_tag","embeddable":true,"href":"https:\/\/www.deltatrailers.fr\/en\/wp-json\/wp\/v2\/product_tag?post=22819"}],"curies":[{"name":"wp","href":"https:\/\/api.w.org\/{rel}","templated":true}]}}