{"id":22817,"date":"2024-09-28T18:46:30","date_gmt":"2024-09-28T16:46:30","guid":{"rendered":"https:\/\/www.deltatrailers.fr\/?post_type=product&#038;p=22817"},"modified":"2024-09-28T18:46:31","modified_gmt":"2024-09-28T16:46:31","slug":"d-tec-porte-container-combitrailer-annee-2019","status":"publish","type":"product","link":"https:\/\/www.deltatrailers.fr\/en\/produit\/d-tec-porte-container-combitrailer-annee-2019\/","title":{"rendered":"D TEC &#8211; Porte Container Combitrailer -Ann\u00e9e 2019"},"content":{"rendered":"<p>Porte Container Combi trailer offrant la possibilit\u00e9 20&#8242;; 2&#215;20 ; 40&#8242;<\/p>\n<p>5 essieux SAF<\/p>\n<p>E1 suiveur releveur E2 suiveur releveur E3 fixe relevable si d\u00e9croch\u00e9 E4 fixe E5 suiveur releveur<\/p>\n<p>Graissage centralis\u00e9<\/p>\n<p>Couleur noire m\u00e9talisation avant peinture<\/p>\n<p>Jantes acier avec enjoliveur<\/p>\n<p>Disponible de suite ; renseignez vous au 02 37 48 50 00<\/p>\n","protected":false},"excerpt":{"rendered":"<p>Porte Container Combi trailer offrant la possibilit\u00e9 20&#8242;; 2&#215;20 ; 40&#8242; 5 essieux SAF E1 suiveur releveur E2 suiveur releveur E3 fixe relevable si d\u00e9croch\u00e9 E4 fixe E5 suiveur releveur Graissage centralis\u00e9 Couleur noire m\u00e9talisation avant peinture Jantes acier avec enjoliveur Disponible de suite ; renseignez vous au 02 37 48 50 00<\/p>\n","protected":false},"featured_media":15877,"template":"","meta":{"_acf_changed":false},"product_brand":[],"product_cat":[],"product_tag":[],"class_list":{"0":"post-22817","1":"product","2":"type-product","3":"status-publish","4":"has-post-thumbnail","7":"first","8":"instock","9":"shipping-taxable","10":"product-type-simple"},"acf":[],"yoast_head":"<!-- This site is optimized with the Yoast SEO plugin v26.3 - https:\/\/yoast.com\/wordpress\/plugins\/seo\/ -->\n<title>D TEC - Porte Container Combitrailer -Ann\u00e9e 2019 - DELTA\ud83d\udd3aTRAILERS<\/title>\n<meta name=\"robots\" content=\"index, follow, max-snippet:-1, max-image-preview:large, max-video-preview:-1\" \/>\n<link rel=\"canonical\" href=\"https:\/\/www.deltatrailers.fr\/en\/produit\/d-tec-porte-container-combitrailer-annee-2019\/\" \/>\n<meta property=\"og:locale\" content=\"en_US\" \/>\n<meta property=\"og:type\" content=\"article\" \/>\n<meta property=\"og:title\" content=\"D TEC - Porte Container Combitrailer -Ann\u00e9e 2019 - DELTA\ud83d\udd3aTRAILERS\" \/>\n<meta property=\"og:description\" content=\"Porte Container Combi trailer offrant la possibilit\u00e9 20&#8242;; 2&#215;20 ; 40&#8242; 5 essieux SAF E1 suiveur releveur E2 suiveur releveur E3 fixe relevable si d\u00e9croch\u00e9 E4 fixe E5 suiveur releveur Graissage centralis\u00e9 Couleur noire m\u00e9talisation avant peinture Jantes acier avec enjoliveur Disponible de suite ; renseignez vous au 02 37 48 50 00\" \/>\n<meta property=\"og:url\" content=\"https:\/\/www.deltatrailers.fr\/en\/produit\/d-tec-porte-container-combitrailer-annee-2019\/\" \/>\n<meta property=\"og:site_name\" content=\"DELTA\ud83d\udd3aTRAILERS\" \/>\n<meta property=\"article:publisher\" content=\"https:\/\/www.facebook.com\/deltatrailers.fr\" \/>\n<meta property=\"article:modified_time\" content=\"2024-09-28T16:46:31+00:00\" \/>\n<meta property=\"og:image\" content=\"https:\/\/www.deltatrailers.fr\/wp-content\/uploads\/2023\/08\/IMG_1808cote-scaled.jpg\" \/>\n\t<meta property=\"og:image:width\" content=\"2560\" \/>\n\t<meta property=\"og:image:height\" content=\"1920\" \/>\n\t<meta property=\"og:image:type\" content=\"image\/jpeg\" \/>\n<meta name=\"twitter:card\" content=\"summary_large_image\" \/>\n<script type=\"application\/ld+json\" class=\"yoast-schema-graph\">{\"@context\":\"https:\/\/schema.org\",\"@graph\":[{\"@type\":\"WebPage\",\"@id\":\"https:\/\/www.deltatrailers.fr\/en\/produit\/d-tec-porte-container-combitrailer-annee-2019\/\",\"url\":\"https:\/\/www.deltatrailers.fr\/en\/produit\/d-tec-porte-container-combitrailer-annee-2019\/\",\"name\":\"D TEC - Porte Container Combitrailer -Ann\u00e9e 2019 - DELTA\ud83d\udd3aTRAILERS\",\"isPartOf\":{\"@id\":\"https:\/\/www.deltatrailers.fr\/#website\"},\"primaryImageOfPage\":{\"@id\":\"https:\/\/www.deltatrailers.fr\/en\/produit\/d-tec-porte-container-combitrailer-annee-2019\/#primaryimage\"},\"image\":{\"@id\":\"https:\/\/www.deltatrailers.fr\/en\/produit\/d-tec-porte-container-combitrailer-annee-2019\/#primaryimage\"},\"thumbnailUrl\":\"https:\/\/www.deltatrailers.fr\/wp-content\/uploads\/2023\/08\/IMG_1808cote-scaled.jpg\",\"datePublished\":\"2024-09-28T16:46:30+00:00\",\"dateModified\":\"2024-09-28T16:46:31+00:00\",\"breadcrumb\":{\"@id\":\"https:\/\/www.deltatrailers.fr\/en\/produit\/d-tec-porte-container-combitrailer-annee-2019\/#breadcrumb\"},\"inLanguage\":\"en-US\",\"potentialAction\":[{\"@type\":\"ReadAction\",\"target\":[\"https:\/\/www.deltatrailers.fr\/en\/produit\/d-tec-porte-container-combitrailer-annee-2019\/\"]}]},{\"@type\":\"ImageObject\",\"inLanguage\":\"en-US\",\"@id\":\"https:\/\/www.deltatrailers.fr\/en\/produit\/d-tec-porte-container-combitrailer-annee-2019\/#primaryimage\",\"url\":\"https:\/\/www.deltatrailers.fr\/wp-content\/uploads\/2023\/08\/IMG_1808cote-scaled.jpg\",\"contentUrl\":\"https:\/\/www.deltatrailers.fr\/wp-content\/uploads\/2023\/08\/IMG_1808cote-scaled.jpg\",\"width\":2560,\"height\":1920},{\"@type\":\"BreadcrumbList\",\"@id\":\"https:\/\/www.deltatrailers.fr\/en\/produit\/d-tec-porte-container-combitrailer-annee-2019\/#breadcrumb\",\"itemListElement\":[{\"@type\":\"ListItem\",\"position\":1,\"name\":\"Accueil\",\"item\":\"https:\/\/www.deltatrailers.fr\/en\/\"},{\"@type\":\"ListItem\",\"position\":2,\"name\":\"Produits\",\"item\":\"https:\/\/www.deltatrailers.fr\/shop\/\"},{\"@type\":\"ListItem\",\"position\":3,\"name\":\"D TEC &#8211; Porte Container Combitrailer -Ann\u00e9e 2019\"}]},{\"@type\":\"WebSite\",\"@id\":\"https:\/\/www.deltatrailers.fr\/#website\",\"url\":\"https:\/\/www.deltatrailers.fr\/\",\"name\":\"DELTA\ud83d\udd3aTRAILERS\",\"description\":\"Delta Trailers Delta Trailers, distributeur de remorques et semi remorques neuves et occasions en Eure &amp; Loir.\",\"publisher\":{\"@id\":\"https:\/\/www.deltatrailers.fr\/#organization\"},\"potentialAction\":[{\"@type\":\"SearchAction\",\"target\":{\"@type\":\"EntryPoint\",\"urlTemplate\":\"https:\/\/www.deltatrailers.fr\/?s={search_term_string}\"},\"query-input\":{\"@type\":\"PropertyValueSpecification\",\"valueRequired\":true,\"valueName\":\"search_term_string\"}}],\"inLanguage\":\"en-US\"},{\"@type\":\"Organization\",\"@id\":\"https:\/\/www.deltatrailers.fr\/#organization\",\"name\":\"Delta Trailers\",\"url\":\"https:\/\/www.deltatrailers.fr\/\",\"logo\":{\"@type\":\"ImageObject\",\"inLanguage\":\"en-US\",\"@id\":\"https:\/\/www.deltatrailers.fr\/#\/schema\/logo\/image\/\",\"url\":\"https:\/\/www.deltatrailers.fr\/wp-content\/uploads\/2020\/01\/logo-b77c6ae2f55f54e097d743d409cef4a6.png\",\"contentUrl\":\"https:\/\/www.deltatrailers.fr\/wp-content\/uploads\/2020\/01\/logo-b77c6ae2f55f54e097d743d409cef4a6.png\",\"width\":357,\"height\":49,\"caption\":\"Delta Trailers\"},\"image\":{\"@id\":\"https:\/\/www.deltatrailers.fr\/#\/schema\/logo\/image\/\"},\"sameAs\":[\"https:\/\/www.facebook.com\/deltatrailers.fr\",\"https:\/\/www.instagram.com\/deltatrailers\/\",\"https:\/\/www.linkedin.com\/company\/deltatrailers\/\",\"https:\/\/www.youtube.com\/channel\/UC1Sdix0oUAnDXX2RKuWxixg\"]}]}<\/script>\n<!-- \/ Yoast SEO plugin. -->","yoast_head_json":{"title":"D TEC - Porte Container Combitrailer -Ann\u00e9e 2019 - DELTA\ud83d\udd3aTRAILERS","robots":{"index":"index","follow":"follow","max-snippet":"max-snippet:-1","max-image-preview":"max-image-preview:large","max-video-preview":"max-video-preview:-1"},"canonical":"https:\/\/www.deltatrailers.fr\/en\/produit\/d-tec-porte-container-combitrailer-annee-2019\/","og_locale":"en_US","og_type":"article","og_title":"D TEC - Porte Container Combitrailer -Ann\u00e9e 2019 - DELTA\ud83d\udd3aTRAILERS","og_description":"Porte Container Combi trailer offrant la possibilit\u00e9 20&#8242;; 2&#215;20 ; 40&#8242; 5 essieux SAF E1 suiveur releveur E2 suiveur releveur E3 fixe relevable si d\u00e9croch\u00e9 E4 fixe E5 suiveur releveur Graissage centralis\u00e9 Couleur noire m\u00e9talisation avant peinture Jantes acier avec enjoliveur Disponible de suite ; renseignez vous au 02 37 48 50 00","og_url":"https:\/\/www.deltatrailers.fr\/en\/produit\/d-tec-porte-container-combitrailer-annee-2019\/","og_site_name":"DELTA\ud83d\udd3aTRAILERS","article_publisher":"https:\/\/www.facebook.com\/deltatrailers.fr","article_modified_time":"2024-09-28T16:46:31+00:00","og_image":[{"width":2560,"height":1920,"url":"https:\/\/www.deltatrailers.fr\/wp-content\/uploads\/2023\/08\/IMG_1808cote-scaled.jpg","type":"image\/jpeg"}],"twitter_card":"summary_large_image","schema":{"@context":"https:\/\/schema.org","@graph":[{"@type":"WebPage","@id":"https:\/\/www.deltatrailers.fr\/en\/produit\/d-tec-porte-container-combitrailer-annee-2019\/","url":"https:\/\/www.deltatrailers.fr\/en\/produit\/d-tec-porte-container-combitrailer-annee-2019\/","name":"D TEC - Porte Container Combitrailer -Ann\u00e9e 2019 - DELTA\ud83d\udd3aTRAILERS","isPartOf":{"@id":"https:\/\/www.deltatrailers.fr\/#website"},"primaryImageOfPage":{"@id":"https:\/\/www.deltatrailers.fr\/en\/produit\/d-tec-porte-container-combitrailer-annee-2019\/#primaryimage"},"image":{"@id":"https:\/\/www.deltatrailers.fr\/en\/produit\/d-tec-porte-container-combitrailer-annee-2019\/#primaryimage"},"thumbnailUrl":"https:\/\/www.deltatrailers.fr\/wp-content\/uploads\/2023\/08\/IMG_1808cote-scaled.jpg","datePublished":"2024-09-28T16:46:30+00:00","dateModified":"2024-09-28T16:46:31+00:00","breadcrumb":{"@id":"https:\/\/www.deltatrailers.fr\/en\/produit\/d-tec-porte-container-combitrailer-annee-2019\/#breadcrumb"},"inLanguage":"en-US","potentialAction":[{"@type":"ReadAction","target":["https:\/\/www.deltatrailers.fr\/en\/produit\/d-tec-porte-container-combitrailer-annee-2019\/"]}]},{"@type":"ImageObject","inLanguage":"en-US","@id":"https:\/\/www.deltatrailers.fr\/en\/produit\/d-tec-porte-container-combitrailer-annee-2019\/#primaryimage","url":"https:\/\/www.deltatrailers.fr\/wp-content\/uploads\/2023\/08\/IMG_1808cote-scaled.jpg","contentUrl":"https:\/\/www.deltatrailers.fr\/wp-content\/uploads\/2023\/08\/IMG_1808cote-scaled.jpg","width":2560,"height":1920},{"@type":"BreadcrumbList","@id":"https:\/\/www.deltatrailers.fr\/en\/produit\/d-tec-porte-container-combitrailer-annee-2019\/#breadcrumb","itemListElement":[{"@type":"ListItem","position":1,"name":"Accueil","item":"https:\/\/www.deltatrailers.fr\/en\/"},{"@type":"ListItem","position":2,"name":"Produits","item":"https:\/\/www.deltatrailers.fr\/shop\/"},{"@type":"ListItem","position":3,"name":"D TEC &#8211; Porte Container Combitrailer -Ann\u00e9e 2019"}]},{"@type":"WebSite","@id":"https:\/\/www.deltatrailers.fr\/#website","url":"https:\/\/www.deltatrailers.fr\/","name":"DELTA\ud83d\udd3aTRAILERS","description":"Delta Trailers Delta Trailers, distributeur de remorques et semi remorques neuves et occasions en Eure &amp; Loir.","publisher":{"@id":"https:\/\/www.deltatrailers.fr\/#organization"},"potentialAction":[{"@type":"SearchAction","target":{"@type":"EntryPoint","urlTemplate":"https:\/\/www.deltatrailers.fr\/?s={search_term_string}"},"query-input":{"@type":"PropertyValueSpecification","valueRequired":true,"valueName":"search_term_string"}}],"inLanguage":"en-US"},{"@type":"Organization","@id":"https:\/\/www.deltatrailers.fr\/#organization","name":"Delta Trailers","url":"https:\/\/www.deltatrailers.fr\/","logo":{"@type":"ImageObject","inLanguage":"en-US","@id":"https:\/\/www.deltatrailers.fr\/#\/schema\/logo\/image\/","url":"https:\/\/www.deltatrailers.fr\/wp-content\/uploads\/2020\/01\/logo-b77c6ae2f55f54e097d743d409cef4a6.png","contentUrl":"https:\/\/www.deltatrailers.fr\/wp-content\/uploads\/2020\/01\/logo-b77c6ae2f55f54e097d743d409cef4a6.png","width":357,"height":49,"caption":"Delta Trailers"},"image":{"@id":"https:\/\/www.deltatrailers.fr\/#\/schema\/logo\/image\/"},"sameAs":["https:\/\/www.facebook.com\/deltatrailers.fr","https:\/\/www.instagram.com\/deltatrailers\/","https:\/\/www.linkedin.com\/company\/deltatrailers\/","https:\/\/www.youtube.com\/channel\/UC1Sdix0oUAnDXX2RKuWxixg"]}]}},"jetpack_sharing_enabled":true,"rttpg_featured_image_url":{"full":["https:\/\/www.deltatrailers.fr\/wp-content\/uploads\/2023\/08\/IMG_1808cote-scaled.jpg",2560,1920,false],"landscape":["https:\/\/www.deltatrailers.fr\/wp-content\/uploads\/2023\/08\/IMG_1808cote-scaled.jpg",2560,1920,false],"portraits":["https:\/\/www.deltatrailers.fr\/wp-content\/uploads\/2023\/08\/IMG_1808cote-scaled.jpg",2560,1920,false],"thumbnail":["https:\/\/www.deltatrailers.fr\/wp-content\/uploads\/2023\/08\/IMG_1808cote-150x150.jpg",150,150,true],"medium":["https:\/\/www.deltatrailers.fr\/wp-content\/uploads\/2023\/08\/IMG_1808cote-300x225.jpg",300,225,true],"large":["https:\/\/www.deltatrailers.fr\/wp-content\/uploads\/2023\/08\/IMG_1808cote-1024x768.jpg",1024,768,true],"1536x1536":["https:\/\/www.deltatrailers.fr\/wp-content\/uploads\/2023\/08\/IMG_1808cote-1536x1152.jpg",1536,1152,true],"2048x2048":["https:\/\/www.deltatrailers.fr\/wp-content\/uploads\/2023\/08\/IMG_1808cote-2048x1536.jpg",2048,1536,true],"post-thumbnail":["https:\/\/www.deltatrailers.fr\/wp-content\/uploads\/2023\/08\/IMG_1808cote-1568x1176.jpg",1568,1176,true],"custom-dt":["https:\/\/www.deltatrailers.fr\/wp-content\/uploads\/2023\/08\/IMG_1808cote-320x240.jpg",320,240,true],"annonce-thumb":["https:\/\/www.deltatrailers.fr\/wp-content\/uploads\/2023\/08\/IMG_1808cote-360x240.jpg",360,240,true],"showroom":["https:\/\/www.deltatrailers.fr\/wp-content\/uploads\/2023\/08\/IMG_1808cote-457x343.jpg",457,343,true],"woocommerce_thumbnail":["https:\/\/www.deltatrailers.fr\/wp-content\/uploads\/2023\/08\/IMG_1808cote-300x300.jpg",300,300,true],"woocommerce_single":["https:\/\/www.deltatrailers.fr\/wp-content\/uploads\/2023\/08\/IMG_1808cote-600x450.jpg",600,450,true],"woocommerce_gallery_thumbnail":["https:\/\/www.deltatrailers.fr\/wp-content\/uploads\/2023\/08\/IMG_1808cote-100x100.jpg",100,100,true],"rt_custom":["https:\/\/www.deltatrailers.fr\/wp-content\/uploads\/2023\/08\/IMG_1808cote-scaled.jpg",2560,1920,false]},"rttpg_author":{"display_name":"Eric AKAFFOU","author_link":"https:\/\/www.deltatrailers.fr\/en\/author\/"},"rttpg_comment":0,"rttpg_category":false,"rttpg_excerpt":"Porte Container Combi trailer offrant la possibilit\u00e9 20&#8242;; 2&#215;20 ; 40&#8242; 5 essieux SAF E1 suiveur releveur E2 suiveur releveur E3 fixe relevable si d\u00e9croch\u00e9 E4 fixe E5 suiveur releveur Graissage centralis\u00e9 Couleur noire m\u00e9talisation avant peinture Jantes acier avec enjoliveur Disponible de suite ; renseignez vous au 02 37 48 50 00","_links":{"self":[{"href":"https:\/\/www.deltatrailers.fr\/en\/wp-json\/wp\/v2\/product\/22817","targetHints":{"allow":["GET"]}}],"collection":[{"href":"https:\/\/www.deltatrailers.fr\/en\/wp-json\/wp\/v2\/product"}],"about":[{"href":"https:\/\/www.deltatrailers.fr\/en\/wp-json\/wp\/v2\/types\/product"}],"wp:featuredmedia":[{"embeddable":true,"href":"https:\/\/www.deltatrailers.fr\/en\/wp-json\/wp\/v2\/media\/15877"}],"wp:attachment":[{"href":"https:\/\/www.deltatrailers.fr\/en\/wp-json\/wp\/v2\/media?parent=22817"}],"wp:term":[{"taxonomy":"product_brand","embeddable":true,"href":"https:\/\/www.deltatrailers.fr\/en\/wp-json\/wp\/v2\/product_brand?post=22817"},{"taxonomy":"product_cat","embeddable":true,"href":"https:\/\/www.deltatrailers.fr\/en\/wp-json\/wp\/v2\/product_cat?post=22817"},{"taxonomy":"product_tag","embeddable":true,"href":"https:\/\/www.deltatrailers.fr\/en\/wp-json\/wp\/v2\/product_tag?post=22817"}],"curies":[{"name":"wp","href":"https:\/\/api.w.org\/{rel}","templated":true}]}}