{"id":22816,"date":"2024-09-28T18:42:06","date_gmt":"2024-09-28T16:42:06","guid":{"rendered":"https:\/\/www.deltatrailers.fr\/?post_type=product&#038;p=22816"},"modified":"2024-09-28T18:42:06","modified_gmt":"2024-09-28T16:42:06","slug":"gervasi-benne-ferraille-double-verin-gervasi-80m3","status":"publish","type":"product","link":"https:\/\/www.deltatrailers.fr\/en\/produit\/gervasi-benne-ferraille-double-verin-gervasi-80m3\/","title":{"rendered":"Gervasi &#8211; Benne Ferraille Double V\u00e9rin &#8211; Gervasi 80m3"},"content":{"rendered":"<p>Semi remorque Benne Ferraille 80m3 de maque GERVASI \u00e0 double V\u00e9rins lat\u00e9raux<\/p>\n<p>3x SAF 9t dont 1er relevable<br \/>\n6xMichelin XTE3<\/p>\n<p>Nouvelle barre anti encastrement pneumatique<br \/>\nCh\u00e2ssis Acier \u00e0 col de cygne surbaiss\u00e9<br \/>\nFreins disques<br \/>\nSuspension pneumatique<br \/>\nD\u00e9gonflage Auto au bennage<br \/>\nBenne basculante acier Hardox brinel 450 fond 6mm et c\u00f4t\u00e9s 4mm<br \/>\nPortes AR 2 vantaux \u00e9paisseur 6mm<br \/>\nCorni\u00e8re de fond de caisse 50&#215;50 soud\u00e9es<\/p>\n<p>Renseignez vous et appelez S\u00e9bastien 06 07 79 33 95<\/p>\n","protected":false},"excerpt":{"rendered":"<p>Semi remorque Benne Ferraille 80m3 de maque GERVASI \u00e0 double V\u00e9rins lat\u00e9raux 3x SAF 9t dont 1er relevable 6xMichelin XTE3 Nouvelle barre anti encastrement pneumatique Ch\u00e2ssis Acier \u00e0 col de cygne surbaiss\u00e9 Freins disques Suspension pneumatique D\u00e9gonflage Auto au bennage Benne basculante acier Hardox brinel 450 fond 6mm et c\u00f4t\u00e9s 4mm Portes AR 2 vantaux [&hellip;]<\/p>\n","protected":false},"featured_media":2625,"template":"","meta":{"_acf_changed":false},"product_brand":[],"product_cat":[],"product_tag":[],"class_list":{"0":"post-22816","1":"product","2":"type-product","3":"status-publish","4":"has-post-thumbnail","7":"first","8":"instock","9":"shipping-taxable","10":"product-type-simple"},"acf":[],"yoast_head":"<!-- This site is optimized with the Yoast SEO plugin v26.3 - https:\/\/yoast.com\/wordpress\/plugins\/seo\/ -->\n<title>Gervasi - Benne Ferraille Double V\u00e9rin - Gervasi 80m3 - DELTA\ud83d\udd3aTRAILERS<\/title>\n<meta name=\"robots\" content=\"index, follow, max-snippet:-1, max-image-preview:large, max-video-preview:-1\" \/>\n<link rel=\"canonical\" href=\"https:\/\/www.deltatrailers.fr\/en\/produit\/gervasi-benne-ferraille-double-verin-gervasi-80m3\/\" \/>\n<meta property=\"og:locale\" content=\"en_US\" \/>\n<meta property=\"og:type\" content=\"article\" \/>\n<meta property=\"og:title\" content=\"Gervasi - Benne Ferraille Double V\u00e9rin - Gervasi 80m3 - DELTA\ud83d\udd3aTRAILERS\" \/>\n<meta property=\"og:description\" content=\"Semi remorque Benne Ferraille 80m3 de maque GERVASI \u00e0 double V\u00e9rins lat\u00e9raux 3x SAF 9t dont 1er relevable 6xMichelin XTE3 Nouvelle barre anti encastrement pneumatique Ch\u00e2ssis Acier \u00e0 col de cygne surbaiss\u00e9 Freins disques Suspension pneumatique D\u00e9gonflage Auto au bennage Benne basculante acier Hardox brinel 450 fond 6mm et c\u00f4t\u00e9s 4mm Portes AR 2 vantaux [&hellip;]\" \/>\n<meta property=\"og:url\" content=\"https:\/\/www.deltatrailers.fr\/en\/produit\/gervasi-benne-ferraille-double-verin-gervasi-80m3\/\" \/>\n<meta property=\"og:site_name\" content=\"DELTA\ud83d\udd3aTRAILERS\" \/>\n<meta property=\"article:publisher\" content=\"https:\/\/www.facebook.com\/deltatrailers.fr\" \/>\n<meta property=\"og:image\" content=\"https:\/\/www.deltatrailers.fr\/wp-content\/uploads\/2020\/04\/AA95131D-5D90-49F4-BFD9-B26A53B8BAFD1.jpg\" \/>\n\t<meta property=\"og:image:width\" content=\"2016\" \/>\n\t<meta property=\"og:image:height\" content=\"1512\" \/>\n\t<meta property=\"og:image:type\" content=\"image\/jpeg\" \/>\n<meta name=\"twitter:card\" content=\"summary_large_image\" \/>\n<script type=\"application\/ld+json\" class=\"yoast-schema-graph\">{\"@context\":\"https:\/\/schema.org\",\"@graph\":[{\"@type\":\"WebPage\",\"@id\":\"https:\/\/www.deltatrailers.fr\/en\/produit\/gervasi-benne-ferraille-double-verin-gervasi-80m3\/\",\"url\":\"https:\/\/www.deltatrailers.fr\/en\/produit\/gervasi-benne-ferraille-double-verin-gervasi-80m3\/\",\"name\":\"Gervasi - Benne Ferraille Double V\u00e9rin - Gervasi 80m3 - DELTA\ud83d\udd3aTRAILERS\",\"isPartOf\":{\"@id\":\"https:\/\/www.deltatrailers.fr\/#website\"},\"primaryImageOfPage\":{\"@id\":\"https:\/\/www.deltatrailers.fr\/en\/produit\/gervasi-benne-ferraille-double-verin-gervasi-80m3\/#primaryimage\"},\"image\":{\"@id\":\"https:\/\/www.deltatrailers.fr\/en\/produit\/gervasi-benne-ferraille-double-verin-gervasi-80m3\/#primaryimage\"},\"thumbnailUrl\":\"https:\/\/www.deltatrailers.fr\/wp-content\/uploads\/2020\/04\/AA95131D-5D90-49F4-BFD9-B26A53B8BAFD1.jpg\",\"datePublished\":\"2024-09-28T16:42:06+00:00\",\"breadcrumb\":{\"@id\":\"https:\/\/www.deltatrailers.fr\/en\/produit\/gervasi-benne-ferraille-double-verin-gervasi-80m3\/#breadcrumb\"},\"inLanguage\":\"en-US\",\"potentialAction\":[{\"@type\":\"ReadAction\",\"target\":[\"https:\/\/www.deltatrailers.fr\/en\/produit\/gervasi-benne-ferraille-double-verin-gervasi-80m3\/\"]}]},{\"@type\":\"ImageObject\",\"inLanguage\":\"en-US\",\"@id\":\"https:\/\/www.deltatrailers.fr\/en\/produit\/gervasi-benne-ferraille-double-verin-gervasi-80m3\/#primaryimage\",\"url\":\"https:\/\/www.deltatrailers.fr\/wp-content\/uploads\/2020\/04\/AA95131D-5D90-49F4-BFD9-B26A53B8BAFD1.jpg\",\"contentUrl\":\"https:\/\/www.deltatrailers.fr\/wp-content\/uploads\/2020\/04\/AA95131D-5D90-49F4-BFD9-B26A53B8BAFD1.jpg\",\"width\":2016,\"height\":1512,\"caption\":\"Gervasi-benne-double-verin\"},{\"@type\":\"BreadcrumbList\",\"@id\":\"https:\/\/www.deltatrailers.fr\/en\/produit\/gervasi-benne-ferraille-double-verin-gervasi-80m3\/#breadcrumb\",\"itemListElement\":[{\"@type\":\"ListItem\",\"position\":1,\"name\":\"Accueil\",\"item\":\"https:\/\/www.deltatrailers.fr\/en\/\"},{\"@type\":\"ListItem\",\"position\":2,\"name\":\"Produits\",\"item\":\"https:\/\/www.deltatrailers.fr\/shop\/\"},{\"@type\":\"ListItem\",\"position\":3,\"name\":\"Gervasi &#8211; Benne Ferraille Double V\u00e9rin &#8211; Gervasi 80m3\"}]},{\"@type\":\"WebSite\",\"@id\":\"https:\/\/www.deltatrailers.fr\/#website\",\"url\":\"https:\/\/www.deltatrailers.fr\/\",\"name\":\"DELTA\ud83d\udd3aTRAILERS\",\"description\":\"Delta Trailers Delta Trailers, distributeur de remorques et semi remorques neuves et occasions en Eure &amp; Loir.\",\"publisher\":{\"@id\":\"https:\/\/www.deltatrailers.fr\/#organization\"},\"potentialAction\":[{\"@type\":\"SearchAction\",\"target\":{\"@type\":\"EntryPoint\",\"urlTemplate\":\"https:\/\/www.deltatrailers.fr\/?s={search_term_string}\"},\"query-input\":{\"@type\":\"PropertyValueSpecification\",\"valueRequired\":true,\"valueName\":\"search_term_string\"}}],\"inLanguage\":\"en-US\"},{\"@type\":\"Organization\",\"@id\":\"https:\/\/www.deltatrailers.fr\/#organization\",\"name\":\"Delta Trailers\",\"url\":\"https:\/\/www.deltatrailers.fr\/\",\"logo\":{\"@type\":\"ImageObject\",\"inLanguage\":\"en-US\",\"@id\":\"https:\/\/www.deltatrailers.fr\/#\/schema\/logo\/image\/\",\"url\":\"https:\/\/www.deltatrailers.fr\/wp-content\/uploads\/2020\/01\/logo-b77c6ae2f55f54e097d743d409cef4a6.png\",\"contentUrl\":\"https:\/\/www.deltatrailers.fr\/wp-content\/uploads\/2020\/01\/logo-b77c6ae2f55f54e097d743d409cef4a6.png\",\"width\":357,\"height\":49,\"caption\":\"Delta Trailers\"},\"image\":{\"@id\":\"https:\/\/www.deltatrailers.fr\/#\/schema\/logo\/image\/\"},\"sameAs\":[\"https:\/\/www.facebook.com\/deltatrailers.fr\",\"https:\/\/www.instagram.com\/deltatrailers\/\",\"https:\/\/www.linkedin.com\/company\/deltatrailers\/\",\"https:\/\/www.youtube.com\/channel\/UC1Sdix0oUAnDXX2RKuWxixg\"]}]}<\/script>\n<!-- \/ Yoast SEO plugin. -->","yoast_head_json":{"title":"Gervasi - Benne Ferraille Double V\u00e9rin - Gervasi 80m3 - DELTA\ud83d\udd3aTRAILERS","robots":{"index":"index","follow":"follow","max-snippet":"max-snippet:-1","max-image-preview":"max-image-preview:large","max-video-preview":"max-video-preview:-1"},"canonical":"https:\/\/www.deltatrailers.fr\/en\/produit\/gervasi-benne-ferraille-double-verin-gervasi-80m3\/","og_locale":"en_US","og_type":"article","og_title":"Gervasi - Benne Ferraille Double V\u00e9rin - Gervasi 80m3 - DELTA\ud83d\udd3aTRAILERS","og_description":"Semi remorque Benne Ferraille 80m3 de maque GERVASI \u00e0 double V\u00e9rins lat\u00e9raux 3x SAF 9t dont 1er relevable 6xMichelin XTE3 Nouvelle barre anti encastrement pneumatique Ch\u00e2ssis Acier \u00e0 col de cygne surbaiss\u00e9 Freins disques Suspension pneumatique D\u00e9gonflage Auto au bennage Benne basculante acier Hardox brinel 450 fond 6mm et c\u00f4t\u00e9s 4mm Portes AR 2 vantaux [&hellip;]","og_url":"https:\/\/www.deltatrailers.fr\/en\/produit\/gervasi-benne-ferraille-double-verin-gervasi-80m3\/","og_site_name":"DELTA\ud83d\udd3aTRAILERS","article_publisher":"https:\/\/www.facebook.com\/deltatrailers.fr","og_image":[{"width":2016,"height":1512,"url":"https:\/\/www.deltatrailers.fr\/wp-content\/uploads\/2020\/04\/AA95131D-5D90-49F4-BFD9-B26A53B8BAFD1.jpg","type":"image\/jpeg"}],"twitter_card":"summary_large_image","schema":{"@context":"https:\/\/schema.org","@graph":[{"@type":"WebPage","@id":"https:\/\/www.deltatrailers.fr\/en\/produit\/gervasi-benne-ferraille-double-verin-gervasi-80m3\/","url":"https:\/\/www.deltatrailers.fr\/en\/produit\/gervasi-benne-ferraille-double-verin-gervasi-80m3\/","name":"Gervasi - Benne Ferraille Double V\u00e9rin - Gervasi 80m3 - DELTA\ud83d\udd3aTRAILERS","isPartOf":{"@id":"https:\/\/www.deltatrailers.fr\/#website"},"primaryImageOfPage":{"@id":"https:\/\/www.deltatrailers.fr\/en\/produit\/gervasi-benne-ferraille-double-verin-gervasi-80m3\/#primaryimage"},"image":{"@id":"https:\/\/www.deltatrailers.fr\/en\/produit\/gervasi-benne-ferraille-double-verin-gervasi-80m3\/#primaryimage"},"thumbnailUrl":"https:\/\/www.deltatrailers.fr\/wp-content\/uploads\/2020\/04\/AA95131D-5D90-49F4-BFD9-B26A53B8BAFD1.jpg","datePublished":"2024-09-28T16:42:06+00:00","breadcrumb":{"@id":"https:\/\/www.deltatrailers.fr\/en\/produit\/gervasi-benne-ferraille-double-verin-gervasi-80m3\/#breadcrumb"},"inLanguage":"en-US","potentialAction":[{"@type":"ReadAction","target":["https:\/\/www.deltatrailers.fr\/en\/produit\/gervasi-benne-ferraille-double-verin-gervasi-80m3\/"]}]},{"@type":"ImageObject","inLanguage":"en-US","@id":"https:\/\/www.deltatrailers.fr\/en\/produit\/gervasi-benne-ferraille-double-verin-gervasi-80m3\/#primaryimage","url":"https:\/\/www.deltatrailers.fr\/wp-content\/uploads\/2020\/04\/AA95131D-5D90-49F4-BFD9-B26A53B8BAFD1.jpg","contentUrl":"https:\/\/www.deltatrailers.fr\/wp-content\/uploads\/2020\/04\/AA95131D-5D90-49F4-BFD9-B26A53B8BAFD1.jpg","width":2016,"height":1512,"caption":"Gervasi-benne-double-verin"},{"@type":"BreadcrumbList","@id":"https:\/\/www.deltatrailers.fr\/en\/produit\/gervasi-benne-ferraille-double-verin-gervasi-80m3\/#breadcrumb","itemListElement":[{"@type":"ListItem","position":1,"name":"Accueil","item":"https:\/\/www.deltatrailers.fr\/en\/"},{"@type":"ListItem","position":2,"name":"Produits","item":"https:\/\/www.deltatrailers.fr\/shop\/"},{"@type":"ListItem","position":3,"name":"Gervasi &#8211; Benne Ferraille Double V\u00e9rin &#8211; Gervasi 80m3"}]},{"@type":"WebSite","@id":"https:\/\/www.deltatrailers.fr\/#website","url":"https:\/\/www.deltatrailers.fr\/","name":"DELTA\ud83d\udd3aTRAILERS","description":"Delta Trailers Delta Trailers, distributeur de remorques et semi remorques neuves et occasions en Eure &amp; Loir.","publisher":{"@id":"https:\/\/www.deltatrailers.fr\/#organization"},"potentialAction":[{"@type":"SearchAction","target":{"@type":"EntryPoint","urlTemplate":"https:\/\/www.deltatrailers.fr\/?s={search_term_string}"},"query-input":{"@type":"PropertyValueSpecification","valueRequired":true,"valueName":"search_term_string"}}],"inLanguage":"en-US"},{"@type":"Organization","@id":"https:\/\/www.deltatrailers.fr\/#organization","name":"Delta Trailers","url":"https:\/\/www.deltatrailers.fr\/","logo":{"@type":"ImageObject","inLanguage":"en-US","@id":"https:\/\/www.deltatrailers.fr\/#\/schema\/logo\/image\/","url":"https:\/\/www.deltatrailers.fr\/wp-content\/uploads\/2020\/01\/logo-b77c6ae2f55f54e097d743d409cef4a6.png","contentUrl":"https:\/\/www.deltatrailers.fr\/wp-content\/uploads\/2020\/01\/logo-b77c6ae2f55f54e097d743d409cef4a6.png","width":357,"height":49,"caption":"Delta Trailers"},"image":{"@id":"https:\/\/www.deltatrailers.fr\/#\/schema\/logo\/image\/"},"sameAs":["https:\/\/www.facebook.com\/deltatrailers.fr","https:\/\/www.instagram.com\/deltatrailers\/","https:\/\/www.linkedin.com\/company\/deltatrailers\/","https:\/\/www.youtube.com\/channel\/UC1Sdix0oUAnDXX2RKuWxixg"]}]}},"jetpack_sharing_enabled":true,"rttpg_featured_image_url":{"full":["https:\/\/www.deltatrailers.fr\/wp-content\/uploads\/2020\/04\/AA95131D-5D90-49F4-BFD9-B26A53B8BAFD1.jpg",2016,1512,false],"landscape":["https:\/\/www.deltatrailers.fr\/wp-content\/uploads\/2020\/04\/AA95131D-5D90-49F4-BFD9-B26A53B8BAFD1.jpg",2016,1512,false],"portraits":["https:\/\/www.deltatrailers.fr\/wp-content\/uploads\/2020\/04\/AA95131D-5D90-49F4-BFD9-B26A53B8BAFD1.jpg",2016,1512,false],"thumbnail":["https:\/\/www.deltatrailers.fr\/wp-content\/uploads\/2020\/04\/AA95131D-5D90-49F4-BFD9-B26A53B8BAFD1-150x150.jpg",150,150,true],"medium":["https:\/\/www.deltatrailers.fr\/wp-content\/uploads\/2020\/04\/AA95131D-5D90-49F4-BFD9-B26A53B8BAFD1-300x225.jpg",300,225,true],"large":["https:\/\/www.deltatrailers.fr\/wp-content\/uploads\/2020\/04\/AA95131D-5D90-49F4-BFD9-B26A53B8BAFD1-1024x768.jpg",1024,768,true],"1536x1536":["https:\/\/www.deltatrailers.fr\/wp-content\/uploads\/2020\/04\/AA95131D-5D90-49F4-BFD9-B26A53B8BAFD1-1536x1152.jpg",1536,1152,true],"2048x2048":["https:\/\/www.deltatrailers.fr\/wp-content\/uploads\/2020\/04\/AA95131D-5D90-49F4-BFD9-B26A53B8BAFD1.jpg",2016,1512,false],"post-thumbnail":["https:\/\/www.deltatrailers.fr\/wp-content\/uploads\/2020\/04\/AA95131D-5D90-49F4-BFD9-B26A53B8BAFD1-1568x1176.jpg",1568,1176,true],"custom-dt":["https:\/\/www.deltatrailers.fr\/wp-content\/uploads\/2020\/04\/AA95131D-5D90-49F4-BFD9-B26A53B8BAFD1-320x240.jpg",320,240,true],"annonce-thumb":["https:\/\/www.deltatrailers.fr\/wp-content\/uploads\/2020\/04\/AA95131D-5D90-49F4-BFD9-B26A53B8BAFD1.jpg",320,240,false],"showroom":["https:\/\/www.deltatrailers.fr\/wp-content\/uploads\/2020\/04\/AA95131D-5D90-49F4-BFD9-B26A53B8BAFD1-457x343.jpg",457,343,true],"woocommerce_thumbnail":["https:\/\/www.deltatrailers.fr\/wp-content\/uploads\/2020\/04\/AA95131D-5D90-49F4-BFD9-B26A53B8BAFD1-300x300.jpg",300,300,true],"woocommerce_single":["https:\/\/www.deltatrailers.fr\/wp-content\/uploads\/2020\/04\/AA95131D-5D90-49F4-BFD9-B26A53B8BAFD1-600x450.jpg",600,450,true],"woocommerce_gallery_thumbnail":["https:\/\/www.deltatrailers.fr\/wp-content\/uploads\/2020\/04\/AA95131D-5D90-49F4-BFD9-B26A53B8BAFD1-100x100.jpg",100,100,true],"rt_custom":["https:\/\/www.deltatrailers.fr\/wp-content\/uploads\/2020\/04\/AA95131D-5D90-49F4-BFD9-B26A53B8BAFD1.jpg",2016,1512,false]},"rttpg_author":{"display_name":"Eric AKAFFOU","author_link":"https:\/\/www.deltatrailers.fr\/en\/author\/"},"rttpg_comment":0,"rttpg_category":false,"rttpg_excerpt":"Semi remorque Benne Ferraille 80m3 de maque GERVASI \u00e0 double V\u00e9rins lat\u00e9raux 3x SAF 9t dont 1er relevable 6xMichelin XTE3 Nouvelle barre anti encastrement pneumatique Ch\u00e2ssis Acier \u00e0 col de cygne surbaiss\u00e9 Freins disques Suspension pneumatique D\u00e9gonflage Auto au bennage Benne basculante acier Hardox brinel 450 fond 6mm et c\u00f4t\u00e9s 4mm Portes AR 2 vantaux&hellip;","_links":{"self":[{"href":"https:\/\/www.deltatrailers.fr\/en\/wp-json\/wp\/v2\/product\/22816","targetHints":{"allow":["GET"]}}],"collection":[{"href":"https:\/\/www.deltatrailers.fr\/en\/wp-json\/wp\/v2\/product"}],"about":[{"href":"https:\/\/www.deltatrailers.fr\/en\/wp-json\/wp\/v2\/types\/product"}],"wp:featuredmedia":[{"embeddable":true,"href":"https:\/\/www.deltatrailers.fr\/en\/wp-json\/wp\/v2\/media\/2625"}],"wp:attachment":[{"href":"https:\/\/www.deltatrailers.fr\/en\/wp-json\/wp\/v2\/media?parent=22816"}],"wp:term":[{"taxonomy":"product_brand","embeddable":true,"href":"https:\/\/www.deltatrailers.fr\/en\/wp-json\/wp\/v2\/product_brand?post=22816"},{"taxonomy":"product_cat","embeddable":true,"href":"https:\/\/www.deltatrailers.fr\/en\/wp-json\/wp\/v2\/product_cat?post=22816"},{"taxonomy":"product_tag","embeddable":true,"href":"https:\/\/www.deltatrailers.fr\/en\/wp-json\/wp\/v2\/product_tag?post=22816"}],"curies":[{"name":"wp","href":"https:\/\/api.w.org\/{rel}","templated":true}]}}