{"id":21503,"date":"2023-06-27T10:46:17","date_gmt":"2023-06-27T08:46:17","guid":{"rendered":"https:\/\/www.deltatrailers.fr\/materiels-occasion\/"},"modified":"2024-10-15T12:20:26","modified_gmt":"2024-10-15T10:20:26","slug":"materiels-occasion","status":"publish","type":"page","link":"https:\/\/www.deltatrailers.fr\/en\/materiels-occasion\/","title":{"rendered":"MAT\u00c9RIELS OCCASION"},"content":{"rendered":"<div class=\"row pt-4\">\n<div class=\"col-md-3\">\n            <a href=\"https:\/\/www.deltatrailers.fr\/bennes-tp-occasion\/\"><\/p>\n<div class=\"card\">\n                    <img decoding=\"async\" src=\"https:\/\/www.deltatrailers.fr\/wp-content\/uploads\/2020\/08\/IMG_8721.jpg\" class=\"card-img-top\" alt=\"Delta Trailers - Bennes TP\"><\/p>\n<div class=\"card-body\">\n<h5 class=\"card-title text-uppercase text-center\" style=\"color: #8d1935;font-weight: bold;\">Used works tipper<\/h5>\n<\/p><\/div>\n<\/p><\/div>\n<p>            <\/a>\n        <\/div>\n<div class=\"col-md-3\">\n          <a href=\"https:\/\/www.deltatrailers.fr\/bennes-cerealieres-occasion\/\"><\/p>\n<div class=\"card\">\n              <img decoding=\"async\" src=\"https:\/\/www.deltatrailers.fr\/wp-content\/uploads\/2021\/03\/IMG_9610.jpg\" class=\"card-img-top\" alt=\"Delta Trailers - Bennes c\u00e9r\u00e9ali\u00e8res\"><\/p>\n<div class=\"card-body\">\n<h5 class=\"card-title text-uppercase text-center\" style=\"color: #8d1935;font-weight: bold;\">Used cereal tipper<\/h5>\n<\/p><\/div>\n<\/p><\/div>\n<p>          <\/a>\n        <\/div>\n<div class=\"col-md-3\">\n          <a href=\"https:\/\/www.deltatrailers.fr\/bennes-ferrailles-occasion\/\"><\/p>\n<div class=\"card\">\n            <img decoding=\"async\" src=\"https:\/\/www.deltatrailers.fr\/wp-content\/uploads\/2020\/04\/AA95131D-5D90-49F4-BFD9-B26A53B8BAFD1.jpg\" class=\"card-img-top\" alt=\"Delta Trailers - Bennes ferraille\"><\/p>\n<div class=\"card-body\">\n<h5 class=\"card-title text-uppercase text-center\" style=\"color: #8d1935;font-weight: bold;\">Used scrap tipper<\/h5>\n<\/p><\/div>\n<\/p><\/div>\n<p><\/a>\n        <\/div>\n<div class=\"col-md-3\">\n          <a href=\"https:\/\/www.deltatrailers.fr\/citernes-occasion\/\"><\/p>\n<div class=\"card\">\n              <img decoding=\"async\" src=\"https:\/\/www.deltatrailers.fr\/wp-content\/uploads\/2022\/01\/IMG_1570.jpg\" class=\"card-img-top\" alt=\"Delta Trailers - Citernes\"><\/p>\n<div class=\"card-body\">\n<h5 class=\"card-title text-uppercase text-center\" style=\"color: #8d1935;font-weight: bold;\">Used tank<\/h5>\n<\/p><\/div>\n<\/p><\/div>\n<p>          <\/a>\n        <\/div>\n<\/p><\/div>\n<div class=\"row pt-4\">\n<div class=\"col-md-3\">\n          <a href=\"https:\/\/www.deltatrailers.fr\/fonds-mouvants-occasion\/\"><\/p>\n<div class=\"card\">\n              <img decoding=\"async\" src=\"https:\/\/www.deltatrailers.fr\/wp-content\/uploads\/2020\/05\/Deltatrailers-krakerFmaportehydrsemiremorques10.jpg\" class=\"card-img-top\" alt=\"Delta Trailers - Fonds mouvants\"><\/p>\n<div class=\"card-body\">\n<h5 class=\"card-title text-uppercase text-center\" style=\"color: #8d1935;font-weight: bold;\">Used moving floor<\/h5>\n<\/p><\/div>\n<\/p><\/div>\n<p>          <\/a>\n        <\/div>\n<div class=\"col-md-3\">\n          <a href=\"https:\/\/www.deltatrailers.fr\/fourgons-occasion\/\"><\/p>\n<div class=\"card\">\n              <img decoding=\"async\" src=\"https:\/\/www.deltatrailers.fr\/wp-content\/uploads\/2021\/01\/IMG_5490.jpg\" class=\"card-img-top\" alt=\"Delta Trailers - Fourgon\"><\/p>\n<div class=\"card-body\">\n<h5 class=\"card-title text-uppercase text-center\" style=\"color: #8d1935;font-weight: bold;\">Used box trailer<\/h5>\n<\/p><\/div>\n<\/p><\/div>\n<p>          <\/a>\n        <\/div>\n<div class=\"col-md-3\">\n          <a href=\"https:\/\/www.deltatrailers.fr\/frigos-occasion\/\"><\/p>\n<div class=\"card\">\n              <img decoding=\"async\" src=\"https:\/\/www.deltatrailers.fr\/wp-content\/uploads\/2020\/05\/IMG_45445d151.jpg\" class=\"card-img-top\" alt=\"Delta Trailers - Frigo\"><\/p>\n<div class=\"card-body\">\n<h5 class=\"card-title text-uppercase text-center\" style=\"color: #8d1935;font-weight: bold;\">Used refrigerated trailer<\/h5>\n<\/p><\/div>\n<\/p><\/div>\n<p>          <\/a>\n        <\/div>\n<div class=\"col-md-3\">\n          <a href=\"https:\/\/www.deltatrailers.fr\/generatrices-occasion\/\"><\/p>\n<div class=\"card\">\n              <img decoding=\"async\" src=\"https:\/\/www.deltatrailers.fr\/wp-content\/uploads\/2020\/05\/IMG_004626171-e1591184647464.jpg\" class=\"card-img-top\" alt=\"Delta Trailers - G\u00e9n\u00e9ratrice\"><\/p>\n<div class=\"card-body\">\n<h5 class=\"card-title text-uppercase text-center\" style=\"color: #8d1935;font-weight: bold;\">Used genset<\/h5>\n<\/p><\/div>\n<\/p><\/div>\n<p>          <\/a>\n        <\/div>\n<\/p><\/div>\n<div class=\"row pt-4\">\n<div class=\"col-md-3\">\n          <a href=\"https:\/\/www.deltatrailers.fr\/plateaux-occasion\/\"><\/p>\n<div class=\"card\">\n              <img decoding=\"async\" src=\"https:\/\/www.deltatrailers.fr\/wp-content\/uploads\/2021\/01\/IMG_9350-scaled.jpg\" class=\"card-img-top\" alt=\"Delta Trailers - Plateaux\"><\/p>\n<div class=\"card-body\">\n<h5 class=\"card-title text-uppercase text-center\" style=\"color: #8d1935;font-weight: bold;\">Used flatbed<\/h5>\n<\/p><\/div>\n<\/p><\/div>\n<p>          <\/a>\n        <\/div>\n<div class=\"col-md-3\">\n          <a href=\"https:\/\/www.deltatrailers.fr\/porte-containers-occasion\/\"><\/p>\n<div class=\"card\">\n              <img decoding=\"async\" src=\"https:\/\/www.deltatrailers.fr\/wp-content\/uploads\/2022\/03\/IMG_1945.jpg\" class=\"card-img-top\" alt=\"Delta Trailers - Porte-containers\"><\/p>\n<div class=\"card-body\">\n<h5 class=\"card-title text-uppercase text-center\" style=\"color: #8d1935;font-weight: bold;\">Used container chassis<\/h5>\n<\/p><\/div>\n<\/p><\/div>\n<p>          <\/a>\n        <\/div>\n<div class=\"col-md-3\">\n          <a href=\"https:\/\/www.deltatrailers.fr\/porte-engins-occasion\/\"><\/p>\n<div class=\"card\">\n              <img decoding=\"async\" src=\"https:\/\/www.deltatrailers.fr\/wp-content\/uploads\/2020\/04\/IMG_01581.jpg\" class=\"card-img-top\" alt=\"Delta Trailers - Porte-engins\"><\/p>\n<div class=\"card-body\">\n<h5 class=\"card-title text-uppercase text-center\" style=\"color: #8d1935;font-weight: bold;\">Used low loader trailer<\/h5>\n<\/p><\/div>\n<\/p><\/div>\n<p>          <\/a>\n        <\/div>\n<div class=\"col-md-3\">\n          <a href=\"https:\/\/www.deltatrailers.fr\/remorques-occasion\/\"><\/p>\n<div class=\"card\">\n              <img decoding=\"async\" src=\"https:\/\/www.deltatrailers.fr\/wp-content\/uploads\/2020\/04\/IMG_8713.jpg\" class=\"card-img-top\" alt=\"Delta Trailers - Remorques\"><\/p>\n<div class=\"card-body\">\n<h5 class=\"card-title text-uppercase text-center\" style=\"color: #8d1935;font-weight: bold;\">Used drawbar trailers<\/h5>\n<\/p><\/div>\n<\/p><\/div>\n<p>          <\/a>\n        <\/div>\n<\/p><\/div>\n<div class=\"row pt-4\">\n<div class=\"col-md-3\">\n          <a href=\"https:\/\/www.deltatrailers.fr\/rideaux-coulissants-occasion\/\"><\/p>\n<div class=\"card\">\n              <img decoding=\"async\" src=\"https:\/\/www.deltatrailers.fr\/wp-content\/uploads\/2020\/08\/tautlinerplscschmitzrideauxcoulissantsdeltatrailerssemiremorques.jpg\" class=\"card-img-top\" alt=\"Delta Trailers - Rideaux-coulissants\"><\/p>\n<div class=\"card-body\">\n<h5 class=\"card-title text-uppercase text-center\" style=\"color: #8d1935;font-weight: bold;\">Used curtainsider<\/h5>\n<\/p><\/div>\n<\/p><\/div>\n<p>          <\/a>\n        <\/div>\n<div class=\"col-md-3\">\n          <a href=\"https:\/\/www.deltatrailers.fr\/tracteurs-occasion\/\"><\/p>\n<div class=\"card\">\n              <img decoding=\"async\" src=\"https:\/\/www.deltatrailers.fr\/wp-content\/uploads\/2023\/10\/DAF-TRACTEUR-4X2-ANNEE-2019-AV-scaled.jpg\" class=\"card-img-top\" alt=\"Delta Trailers - Tracteurs\"><\/p>\n<div class=\"card-body\">\n<h5 class=\"card-title text-uppercase text-center\" style=\"color: #8d1935;font-weight: bold;\">Used trucks<\/h5>\n<\/p><\/div>\n<\/p><\/div>\n<p>          <\/a>\n        <\/div>\n<\/p><\/div>\n","protected":false},"excerpt":{"rendered":"<p>Used works tipper Used cereal tipper Used scrap tipper Used tank Used moving floor Used box trailer Used refrigerated trailer Used genset Used flatbed Used container chassis Used low loader trailer Used drawbar trailers Used curtainsider Used trucks<\/p>\n","protected":false},"author":6,"featured_media":0,"parent":0,"menu_order":0,"comment_status":"closed","ping_status":"closed","template":"template-occasion.php","meta":{"_acf_changed":false,"footnotes":""},"class_list":["post-21503","page","type-page","status-publish","hentry"],"acf":[],"yoast_head":"<!-- This site is optimized with the Yoast SEO plugin v26.3 - https:\/\/yoast.com\/wordpress\/plugins\/seo\/ -->\n<title>MAT\u00c9RIELS OCCASION - DELTA\ud83d\udd3aTRAILERS<\/title>\n<meta name=\"description\" content=\"Delta Trailers, distributeur de remorques et semi remorques neuves et occasions en Eure &amp; Loir - MAT\u00c9RIELS OCCASION DELTA\ud83d\udd3aTRAILERS\" \/>\n<meta name=\"robots\" content=\"index, follow, max-snippet:-1, max-image-preview:large, max-video-preview:-1\" \/>\n<link rel=\"canonical\" href=\"https:\/\/www.deltatrailers.fr\/en\/materiels-occasion\/\" \/>\n<meta property=\"og:locale\" content=\"en_US\" \/>\n<meta property=\"og:type\" content=\"article\" \/>\n<meta property=\"og:title\" content=\"MAT\u00c9RIELS OCCASION - DELTA\ud83d\udd3aTRAILERS\" \/>\n<meta property=\"og:description\" content=\"Delta Trailers, distributeur de remorques et semi remorques neuves et occasions en Eure &amp; Loir - MAT\u00c9RIELS OCCASION DELTA\ud83d\udd3aTRAILERS\" \/>\n<meta property=\"og:url\" content=\"https:\/\/www.deltatrailers.fr\/en\/materiels-occasion\/\" \/>\n<meta property=\"og:site_name\" content=\"DELTA\ud83d\udd3aTRAILERS\" \/>\n<meta property=\"article:publisher\" content=\"https:\/\/www.facebook.com\/deltatrailers.fr\" \/>\n<meta property=\"article:modified_time\" content=\"2024-10-15T10:20:26+00:00\" \/>\n<meta property=\"og:image\" content=\"https:\/\/www.deltatrailers.fr\/wp-content\/uploads\/2020\/08\/IMG_8721.jpg\" \/>\n<meta name=\"twitter:card\" content=\"summary_large_image\" \/>\n<meta name=\"twitter:label1\" content=\"Est. reading time\" \/>\n\t<meta name=\"twitter:data1\" content=\"3 minutes\" \/>\n<script type=\"application\/ld+json\" class=\"yoast-schema-graph\">{\"@context\":\"https:\/\/schema.org\",\"@graph\":[{\"@type\":\"WebPage\",\"@id\":\"https:\/\/www.deltatrailers.fr\/en\/materiels-occasion\/\",\"url\":\"https:\/\/www.deltatrailers.fr\/en\/materiels-occasion\/\",\"name\":\"MAT\u00c9RIELS OCCASION - DELTA\ud83d\udd3aTRAILERS\",\"isPartOf\":{\"@id\":\"https:\/\/www.deltatrailers.fr\/#website\"},\"primaryImageOfPage\":{\"@id\":\"https:\/\/www.deltatrailers.fr\/en\/materiels-occasion\/#primaryimage\"},\"image\":{\"@id\":\"https:\/\/www.deltatrailers.fr\/en\/materiels-occasion\/#primaryimage\"},\"thumbnailUrl\":\"https:\/\/www.deltatrailers.fr\/wp-content\/uploads\/2020\/08\/IMG_8721.jpg\",\"datePublished\":\"2023-06-27T08:46:17+00:00\",\"dateModified\":\"2024-10-15T10:20:26+00:00\",\"description\":\"Delta Trailers, distributeur de remorques et semi remorques neuves et occasions en Eure & Loir - MAT\u00c9RIELS OCCASION DELTA\ud83d\udd3aTRAILERS\",\"breadcrumb\":{\"@id\":\"https:\/\/www.deltatrailers.fr\/en\/materiels-occasion\/#breadcrumb\"},\"inLanguage\":\"en-US\",\"potentialAction\":[{\"@type\":\"ReadAction\",\"target\":[\"https:\/\/www.deltatrailers.fr\/en\/materiels-occasion\/\"]}]},{\"@type\":\"ImageObject\",\"inLanguage\":\"en-US\",\"@id\":\"https:\/\/www.deltatrailers.fr\/en\/materiels-occasion\/#primaryimage\",\"url\":\"https:\/\/www.deltatrailers.fr\/wp-content\/uploads\/2020\/08\/IMG_8721.jpg\",\"contentUrl\":\"https:\/\/www.deltatrailers.fr\/wp-content\/uploads\/2020\/08\/IMG_8721.jpg\"},{\"@type\":\"BreadcrumbList\",\"@id\":\"https:\/\/www.deltatrailers.fr\/en\/materiels-occasion\/#breadcrumb\",\"itemListElement\":[{\"@type\":\"ListItem\",\"position\":1,\"name\":\"Accueil\",\"item\":\"https:\/\/www.deltatrailers.fr\/en\/\"},{\"@type\":\"ListItem\",\"position\":2,\"name\":\"MAT\u00c9RIELS OCCASION\"}]},{\"@type\":\"WebSite\",\"@id\":\"https:\/\/www.deltatrailers.fr\/#website\",\"url\":\"https:\/\/www.deltatrailers.fr\/\",\"name\":\"DELTA\ud83d\udd3aTRAILERS\",\"description\":\"Delta Trailers Delta Trailers, distributeur de remorques et semi remorques neuves et occasions en Eure &amp; Loir.\",\"publisher\":{\"@id\":\"https:\/\/www.deltatrailers.fr\/#organization\"},\"potentialAction\":[{\"@type\":\"SearchAction\",\"target\":{\"@type\":\"EntryPoint\",\"urlTemplate\":\"https:\/\/www.deltatrailers.fr\/?s={search_term_string}\"},\"query-input\":{\"@type\":\"PropertyValueSpecification\",\"valueRequired\":true,\"valueName\":\"search_term_string\"}}],\"inLanguage\":\"en-US\"},{\"@type\":\"Organization\",\"@id\":\"https:\/\/www.deltatrailers.fr\/#organization\",\"name\":\"Delta Trailers\",\"url\":\"https:\/\/www.deltatrailers.fr\/\",\"logo\":{\"@type\":\"ImageObject\",\"inLanguage\":\"en-US\",\"@id\":\"https:\/\/www.deltatrailers.fr\/#\/schema\/logo\/image\/\",\"url\":\"https:\/\/www.deltatrailers.fr\/wp-content\/uploads\/2020\/01\/logo-b77c6ae2f55f54e097d743d409cef4a6.png\",\"contentUrl\":\"https:\/\/www.deltatrailers.fr\/wp-content\/uploads\/2020\/01\/logo-b77c6ae2f55f54e097d743d409cef4a6.png\",\"width\":357,\"height\":49,\"caption\":\"Delta Trailers\"},\"image\":{\"@id\":\"https:\/\/www.deltatrailers.fr\/#\/schema\/logo\/image\/\"},\"sameAs\":[\"https:\/\/www.facebook.com\/deltatrailers.fr\",\"https:\/\/www.instagram.com\/deltatrailers\/\",\"https:\/\/www.linkedin.com\/company\/deltatrailers\/\",\"https:\/\/www.youtube.com\/channel\/UC1Sdix0oUAnDXX2RKuWxixg\"]}]}<\/script>\n<!-- \/ Yoast SEO plugin. -->","yoast_head_json":{"title":"MAT\u00c9RIELS OCCASION - DELTA\ud83d\udd3aTRAILERS","description":"Delta Trailers, distributeur de remorques et semi remorques neuves et occasions en Eure & Loir - MAT\u00c9RIELS OCCASION DELTA\ud83d\udd3aTRAILERS","robots":{"index":"index","follow":"follow","max-snippet":"max-snippet:-1","max-image-preview":"max-image-preview:large","max-video-preview":"max-video-preview:-1"},"canonical":"https:\/\/www.deltatrailers.fr\/en\/materiels-occasion\/","og_locale":"en_US","og_type":"article","og_title":"MAT\u00c9RIELS OCCASION - DELTA\ud83d\udd3aTRAILERS","og_description":"Delta Trailers, distributeur de remorques et semi remorques neuves et occasions en Eure & Loir - MAT\u00c9RIELS OCCASION DELTA\ud83d\udd3aTRAILERS","og_url":"https:\/\/www.deltatrailers.fr\/en\/materiels-occasion\/","og_site_name":"DELTA\ud83d\udd3aTRAILERS","article_publisher":"https:\/\/www.facebook.com\/deltatrailers.fr","article_modified_time":"2024-10-15T10:20:26+00:00","og_image":[{"url":"https:\/\/www.deltatrailers.fr\/wp-content\/uploads\/2020\/08\/IMG_8721.jpg","type":"","width":"","height":""}],"twitter_card":"summary_large_image","twitter_misc":{"Est. reading time":"3 minutes"},"schema":{"@context":"https:\/\/schema.org","@graph":[{"@type":"WebPage","@id":"https:\/\/www.deltatrailers.fr\/en\/materiels-occasion\/","url":"https:\/\/www.deltatrailers.fr\/en\/materiels-occasion\/","name":"MAT\u00c9RIELS OCCASION - DELTA\ud83d\udd3aTRAILERS","isPartOf":{"@id":"https:\/\/www.deltatrailers.fr\/#website"},"primaryImageOfPage":{"@id":"https:\/\/www.deltatrailers.fr\/en\/materiels-occasion\/#primaryimage"},"image":{"@id":"https:\/\/www.deltatrailers.fr\/en\/materiels-occasion\/#primaryimage"},"thumbnailUrl":"https:\/\/www.deltatrailers.fr\/wp-content\/uploads\/2020\/08\/IMG_8721.jpg","datePublished":"2023-06-27T08:46:17+00:00","dateModified":"2024-10-15T10:20:26+00:00","description":"Delta Trailers, distributeur de remorques et semi remorques neuves et occasions en Eure & Loir - MAT\u00c9RIELS OCCASION DELTA\ud83d\udd3aTRAILERS","breadcrumb":{"@id":"https:\/\/www.deltatrailers.fr\/en\/materiels-occasion\/#breadcrumb"},"inLanguage":"en-US","potentialAction":[{"@type":"ReadAction","target":["https:\/\/www.deltatrailers.fr\/en\/materiels-occasion\/"]}]},{"@type":"ImageObject","inLanguage":"en-US","@id":"https:\/\/www.deltatrailers.fr\/en\/materiels-occasion\/#primaryimage","url":"https:\/\/www.deltatrailers.fr\/wp-content\/uploads\/2020\/08\/IMG_8721.jpg","contentUrl":"https:\/\/www.deltatrailers.fr\/wp-content\/uploads\/2020\/08\/IMG_8721.jpg"},{"@type":"BreadcrumbList","@id":"https:\/\/www.deltatrailers.fr\/en\/materiels-occasion\/#breadcrumb","itemListElement":[{"@type":"ListItem","position":1,"name":"Accueil","item":"https:\/\/www.deltatrailers.fr\/en\/"},{"@type":"ListItem","position":2,"name":"MAT\u00c9RIELS OCCASION"}]},{"@type":"WebSite","@id":"https:\/\/www.deltatrailers.fr\/#website","url":"https:\/\/www.deltatrailers.fr\/","name":"DELTA\ud83d\udd3aTRAILERS","description":"Delta Trailers Delta Trailers, distributeur de remorques et semi remorques neuves et occasions en Eure &amp; Loir.","publisher":{"@id":"https:\/\/www.deltatrailers.fr\/#organization"},"potentialAction":[{"@type":"SearchAction","target":{"@type":"EntryPoint","urlTemplate":"https:\/\/www.deltatrailers.fr\/?s={search_term_string}"},"query-input":{"@type":"PropertyValueSpecification","valueRequired":true,"valueName":"search_term_string"}}],"inLanguage":"en-US"},{"@type":"Organization","@id":"https:\/\/www.deltatrailers.fr\/#organization","name":"Delta Trailers","url":"https:\/\/www.deltatrailers.fr\/","logo":{"@type":"ImageObject","inLanguage":"en-US","@id":"https:\/\/www.deltatrailers.fr\/#\/schema\/logo\/image\/","url":"https:\/\/www.deltatrailers.fr\/wp-content\/uploads\/2020\/01\/logo-b77c6ae2f55f54e097d743d409cef4a6.png","contentUrl":"https:\/\/www.deltatrailers.fr\/wp-content\/uploads\/2020\/01\/logo-b77c6ae2f55f54e097d743d409cef4a6.png","width":357,"height":49,"caption":"Delta Trailers"},"image":{"@id":"https:\/\/www.deltatrailers.fr\/#\/schema\/logo\/image\/"},"sameAs":["https:\/\/www.facebook.com\/deltatrailers.fr","https:\/\/www.instagram.com\/deltatrailers\/","https:\/\/www.linkedin.com\/company\/deltatrailers\/","https:\/\/www.youtube.com\/channel\/UC1Sdix0oUAnDXX2RKuWxixg"]}]}},"jetpack_sharing_enabled":true,"rttpg_featured_image_url":null,"rttpg_author":{"display_name":"Eric AKAFFOU","author_link":"https:\/\/www.deltatrailers.fr\/en\/author\/akaffou-ericme-com\/"},"rttpg_comment":0,"rttpg_category":null,"rttpg_excerpt":"Used works tipper Used cereal tipper Used scrap tipper Used tank Used moving floor Used box trailer Used refrigerated trailer Used genset Used flatbed Used container chassis Used low loader trailer Used drawbar trailers Used curtainsider Used trucks","_links":{"self":[{"href":"https:\/\/www.deltatrailers.fr\/en\/wp-json\/wp\/v2\/pages\/21503","targetHints":{"allow":["GET"]}}],"collection":[{"href":"https:\/\/www.deltatrailers.fr\/en\/wp-json\/wp\/v2\/pages"}],"about":[{"href":"https:\/\/www.deltatrailers.fr\/en\/wp-json\/wp\/v2\/types\/page"}],"author":[{"embeddable":true,"href":"https:\/\/www.deltatrailers.fr\/en\/wp-json\/wp\/v2\/users\/6"}],"replies":[{"embeddable":true,"href":"https:\/\/www.deltatrailers.fr\/en\/wp-json\/wp\/v2\/comments?post=21503"}],"version-history":[{"count":2,"href":"https:\/\/www.deltatrailers.fr\/en\/wp-json\/wp\/v2\/pages\/21503\/revisions"}],"predecessor-version":[{"id":22952,"href":"https:\/\/www.deltatrailers.fr\/en\/wp-json\/wp\/v2\/pages\/21503\/revisions\/22952"}],"wp:attachment":[{"href":"https:\/\/www.deltatrailers.fr\/en\/wp-json\/wp\/v2\/media?parent=21503"}],"curies":[{"name":"wp","href":"https:\/\/api.w.org\/{rel}","templated":true}]}}