{"id":21486,"date":"2023-10-06T22:21:18","date_gmt":"2023-10-06T20:21:18","guid":{"rendered":"https:\/\/www.deltatrailers.fr\/materiels-neufs\/"},"modified":"2024-11-01T09:47:39","modified_gmt":"2024-11-01T08:47:39","slug":"materiels-neufs","status":"publish","type":"page","link":"https:\/\/www.deltatrailers.fr\/en\/materiels-neufs\/","title":{"rendered":"MAT\u00c9RIELS NEUFS"},"content":{"rendered":"\n<div class=\"row pt-4\">\n<div class=\"col-md-3\">\n            <a href=\"https:\/\/www.deltatrailers.fr\/bennes-tp-neuves\/\"><\/p>\n<div class=\"card\">\n                    <img decoding=\"async\" src=\"https:\/\/www.deltatrailers.fr\/wp-content\/uploads\/2020\/08\/IMG_8721.jpg\" class=\"card-img-top\" alt=\"Delta Trailers - Bennes TP\"><\/p>\n<div class=\"card-body\">\n<h5 class=\"card-title text-uppercase text-center\" style=\"color: #8d1935;font-weight: bold;\">Works tipper<\/h5>\n<\/p><\/div>\n<\/p><\/div>\n<p>            <\/a>\n        <\/div>\n<div class=\"col-md-3\">\n          <a href=\"https:\/\/www.deltatrailers.fr\/bennes-cerealieres-neuves\/\"><\/p>\n<div class=\"card\">\n              <img decoding=\"async\" src=\"https:\/\/www.deltatrailers.fr\/wp-content\/uploads\/2021\/03\/IMG_9610.jpg\" class=\"card-img-top\" alt=\"Delta Trailers - Bennes c\u00e9r\u00e9ali\u00e8res\"><\/p>\n<div class=\"card-body\">\n<h5 class=\"card-title text-uppercase text-center\" style=\"color: #8d1935;font-weight: bold;\">Cereal tipper<\/h5>\n<\/p><\/div>\n<\/p><\/div>\n<p>          <\/a>\n        <\/div>\n<div class=\"col-md-3\">\n          <a href=\"https:\/\/www.deltatrailers.fr\/bennes-ferrailles-neuves\/\"><\/p>\n<div class=\"card\">\n            <img decoding=\"async\" src=\"https:\/\/www.deltatrailers.fr\/wp-content\/uploads\/2020\/04\/AA95131D-5D90-49F4-BFD9-B26A53B8BAFD1.jpg\" class=\"card-img-top\" alt=\"Delta Trailers - Bennes ferraille\"><\/p>\n<div class=\"card-body\">\n<h5 class=\"card-title text-uppercase text-center\" style=\"color: #8d1935;font-weight: bold;\">Scrap tipper<\/h5>\n<\/p><\/div>\n<\/p><\/div>\n<p><\/a>\n        <\/div>\n<div class=\"col-md-3\">\n          <a href=\"https:\/\/www.deltatrailers.fr\/citernes-neuves\/\"><\/p>\n<div class=\"card\">\n              <img decoding=\"async\" src=\"https:\/\/www.deltatrailers.fr\/wp-content\/uploads\/2022\/01\/IMG_1570.jpg\" class=\"card-img-top\" alt=\"Delta Trailers - Citernes\"><\/p>\n<div class=\"card-body\">\n<h5 class=\"card-title text-uppercase text-center\" style=\"color: #8d1935;font-weight: bold;\">Tank<\/h5>\n<\/p><\/div>\n<\/p><\/div>\n<p>          <\/a>\n        <\/div>\n<\/p><\/div>\n<div class=\"row pt-4\">\n<div class=\"col-md-3\">\n          <a href=\"https:\/\/www.deltatrailers.fr\/fonds-mouvants-neufs\/\"><\/p>\n<div class=\"card\">\n              <img decoding=\"async\" src=\"https:\/\/www.deltatrailers.fr\/wp-content\/uploads\/2020\/05\/Deltatrailers-krakerFmaportehydrsemiremorques10.jpg\" class=\"card-img-top\" alt=\"Delta Trailers - Fonds mouvants\"><\/p>\n<div class=\"card-body\">\n<h5 class=\"card-title text-uppercase text-center\" style=\"color: #8d1935;font-weight: bold;\">Moving floor<\/h5>\n<\/p><\/div>\n<\/p><\/div>\n<p>          <\/a>\n        <\/div>\n<div class=\"col-md-3\">\n          <a href=\"https:\/\/www.deltatrailers.fr\/fourgons-neufs\/\"><\/p>\n<div class=\"card\">\n              <img decoding=\"async\" src=\"https:\/\/www.deltatrailers.fr\/wp-content\/uploads\/2021\/01\/IMG_5490.jpg\" class=\"card-img-top\" alt=\"Delta Trailers - Fourgon\"><\/p>\n<div class=\"card-body\">\n<h5 class=\"card-title text-uppercase text-center\" style=\"color: #8d1935;font-weight: bold;\">Box trailer<\/h5>\n<\/p><\/div>\n<\/p><\/div>\n<p>          <\/a>\n        <\/div>\n<div class=\"col-md-3\">\n          <a href=\"https:\/\/www.deltatrailers.fr\/frigos-neufs\/\"><\/p>\n<div class=\"card\">\n              <img decoding=\"async\" src=\"https:\/\/www.deltatrailers.fr\/wp-content\/uploads\/2020\/05\/IMG_45445d151.jpg\" class=\"card-img-top\" alt=\"Delta Trailers - Frigo\"><\/p>\n<div class=\"card-body\">\n<h5 class=\"card-title text-uppercase text-center\" style=\"color: #8d1935;font-weight: bold;\">Refrigerated trailer<\/h5>\n<\/p><\/div>\n<\/p><\/div>\n<p>          <\/a>\n        <\/div>\n<div class=\"col-md-3\">\n          <a href=\"https:\/\/www.deltatrailers.fr\/generatrices-neuves\/\"><\/p>\n<div class=\"card\">\n              <img decoding=\"async\" src=\"https:\/\/www.deltatrailers.fr\/wp-content\/uploads\/2020\/05\/IMG_004626171-e1591184647464.jpg\" class=\"card-img-top\" alt=\"Delta Trailers - G\u00e9n\u00e9ratrice\"><\/p>\n<div class=\"card-body\">\n<h5 class=\"card-title text-uppercase text-center\" style=\"color: #8d1935;font-weight: bold;\">Genset<\/h5>\n<\/p><\/div>\n<\/p><\/div>\n<p>          <\/a>\n        <\/div>\n<\/p><\/div>\n<div class=\"row pt-4\">\n<div class=\"col-md-3\">\n          <a href=\"https:\/\/www.deltatrailers.fr\/plateaux-neufs\/\"><\/p>\n<div class=\"card\">\n              <img decoding=\"async\" src=\"https:\/\/www.deltatrailers.fr\/wp-content\/uploads\/2021\/01\/IMG_9350-scaled.jpg\" class=\"card-img-top\" alt=\"Delta Trailers - Plateaux\"><\/p>\n<div class=\"card-body\">\n<h5 class=\"card-title text-uppercase text-center\" style=\"color: #8d1935;font-weight: bold;\">Flatbed<\/h5>\n<\/p><\/div>\n<\/p><\/div>\n<p>          <\/a>\n        <\/div>\n<div class=\"col-md-3\">\n          <a href=\"https:\/\/www.deltatrailers.fr\/porte-containers-neufs\/\"><\/p>\n<div class=\"card\">\n              <img decoding=\"async\" src=\"https:\/\/www.deltatrailers.fr\/wp-content\/uploads\/2022\/03\/IMG_1945.jpg\" class=\"card-img-top\" alt=\"Delta Trailers - Porte-containers\"><\/p>\n<div class=\"card-body\">\n<h5 class=\"card-title text-uppercase text-center\" style=\"color: #8d1935;font-weight: bold;\">Container chassis<\/h5>\n<\/p><\/div>\n<\/p><\/div>\n<p>          <\/a>\n        <\/div>\n<div class=\"col-md-3\">\n          <a href=\"https:\/\/www.deltatrailers.fr\/porte-engins-neufs\/\"><\/p>\n<div class=\"card\">\n              <img decoding=\"async\" src=\"https:\/\/www.deltatrailers.fr\/wp-content\/uploads\/2020\/04\/IMG_01581.jpg\" class=\"card-img-top\" alt=\"Delta Trailers - Porte-engins\"><\/p>\n<div class=\"card-body\">\n<h5 class=\"card-title text-uppercase text-center\" style=\"color: #8d1935;font-weight: bold;\">Low loader trailer<\/h5>\n<\/p><\/div>\n<\/p><\/div>\n<p>          <\/a>\n        <\/div>\n<div class=\"col-md-3\">\n          <a href=\"https:\/\/www.deltatrailers.fr\/remorques-neuves\/\"><\/p>\n<div class=\"card\">\n              <img decoding=\"async\" src=\"https:\/\/www.deltatrailers.fr\/wp-content\/uploads\/2020\/04\/IMG_8713.jpg\" class=\"card-img-top\" alt=\"Delta Trailers - Remorques\"><\/p>\n<div class=\"card-body\">\n<h5 class=\"card-title text-uppercase text-center\" style=\"color: #8d1935;font-weight: bold;\">Drawbar trailers<\/h5>\n<\/p><\/div>\n<\/p><\/div>\n<p>          <\/a>\n        <\/div>\n<\/p><\/div>\n<div class=\"row pt-4\">\n<div class=\"col-md-3\">\n          <a href=\"https:\/\/www.deltatrailers.fr\/rideaux-coulissants-neufs\/\"><\/p>\n<div class=\"card\">\n              <img decoding=\"async\" src=\"https:\/\/www.deltatrailers.fr\/wp-content\/uploads\/2020\/08\/tautlinerplscschmitzrideauxcoulissantsdeltatrailerssemiremorques.jpg\" class=\"card-img-top\" alt=\"Delta Trailers - Rideaux-coulissants\"><\/p>\n<div class=\"card-body\">\n<h5 class=\"card-title text-uppercase text-center\" style=\"color: #8d1935;font-weight: bold;\">Curtainsider<\/h5>\n<\/p><\/div>\n<\/p><\/div>\n<p>          <\/a>\n        <\/div>\n<p>        <!--\n\n<div class=\"col-md-3\">\n          <a href=\"https:\/\/www.deltatrailers.fr\/tracteurs-neufs\/\">\n            \n\n<div class=\"card\">\n              <img decoding=\"async\" src=\"https:\/\/www.deltatrailers.fr\/wp-content\/uploads\/2023\/08\/tracteurs.jpeg\" class=\"card-img-top\" alt=\"Delta Trailers - Tracteurs\">\n              \n\n<div class=\"card-body\">\n                \n\n<h5 class=\"card-title text-uppercase text-center\" style=\"color: #8d1935;font-weight: bold;\">Tracteurs neufs<\/h5>\n\n\n                \n              <\/div>\n\n\n            <\/div>\n\n\n          <\/a>\n        <\/div>\n\n -->\n    <\/div>\n","protected":false},"excerpt":{"rendered":"<p>Works tipper Cereal tipper Scrap tipper Tank Moving floor Box trailer Refrigerated trailer Genset Flatbed Container chassis Low loader trailer Drawbar trailers Curtainsider<\/p>\n","protected":false},"author":6,"featured_media":0,"parent":0,"menu_order":0,"comment_status":"closed","ping_status":"closed","template":"template-catalogue.php","meta":{"_acf_changed":false,"footnotes":""},"class_list":["post-21486","page","type-page","status-publish","hentry"],"acf":[],"yoast_head":"<!-- This site is optimized with the Yoast SEO plugin v26.3 - https:\/\/yoast.com\/wordpress\/plugins\/seo\/ -->\n<title>MAT\u00c9RIELS NEUFS - DELTA\ud83d\udd3aTRAILERS<\/title>\n<meta name=\"description\" content=\"Delta Trailers, distributeur de remorques et semi remorques neuves et occasions en Eure &amp; Loir - MAT\u00c9RIELS NEUFS DELTA\ud83d\udd3aTRAILERS\" \/>\n<meta name=\"robots\" content=\"index, follow, max-snippet:-1, max-image-preview:large, max-video-preview:-1\" \/>\n<link rel=\"canonical\" href=\"https:\/\/www.deltatrailers.fr\/en\/materiels-neufs\/\" \/>\n<meta property=\"og:locale\" content=\"en_US\" \/>\n<meta property=\"og:type\" content=\"article\" \/>\n<meta property=\"og:title\" content=\"MAT\u00c9RIELS NEUFS - DELTA\ud83d\udd3aTRAILERS\" \/>\n<meta property=\"og:description\" content=\"Delta Trailers, distributeur de remorques et semi remorques neuves et occasions en Eure &amp; Loir - MAT\u00c9RIELS NEUFS DELTA\ud83d\udd3aTRAILERS\" \/>\n<meta property=\"og:url\" content=\"https:\/\/www.deltatrailers.fr\/en\/materiels-neufs\/\" \/>\n<meta property=\"og:site_name\" content=\"DELTA\ud83d\udd3aTRAILERS\" \/>\n<meta property=\"article:publisher\" content=\"https:\/\/www.facebook.com\/deltatrailers.fr\" \/>\n<meta property=\"article:modified_time\" content=\"2024-11-01T08:47:39+00:00\" \/>\n<meta property=\"og:image\" content=\"https:\/\/www.deltatrailers.fr\/wp-content\/uploads\/2020\/08\/IMG_8721.jpg\" \/>\n<meta name=\"twitter:card\" content=\"summary_large_image\" \/>\n<meta name=\"twitter:label1\" content=\"Est. reading time\" \/>\n\t<meta name=\"twitter:data1\" content=\"3 minutes\" \/>\n<script type=\"application\/ld+json\" class=\"yoast-schema-graph\">{\"@context\":\"https:\/\/schema.org\",\"@graph\":[{\"@type\":\"WebPage\",\"@id\":\"https:\/\/www.deltatrailers.fr\/en\/materiels-neufs\/\",\"url\":\"https:\/\/www.deltatrailers.fr\/en\/materiels-neufs\/\",\"name\":\"MAT\u00c9RIELS NEUFS - DELTA\ud83d\udd3aTRAILERS\",\"isPartOf\":{\"@id\":\"https:\/\/www.deltatrailers.fr\/#website\"},\"primaryImageOfPage\":{\"@id\":\"https:\/\/www.deltatrailers.fr\/en\/materiels-neufs\/#primaryimage\"},\"image\":{\"@id\":\"https:\/\/www.deltatrailers.fr\/en\/materiels-neufs\/#primaryimage\"},\"thumbnailUrl\":\"https:\/\/www.deltatrailers.fr\/wp-content\/uploads\/2020\/08\/IMG_8721.jpg\",\"datePublished\":\"2023-10-06T20:21:18+00:00\",\"dateModified\":\"2024-11-01T08:47:39+00:00\",\"description\":\"Delta Trailers, distributeur de remorques et semi remorques neuves et occasions en Eure & Loir - MAT\u00c9RIELS NEUFS DELTA\ud83d\udd3aTRAILERS\",\"breadcrumb\":{\"@id\":\"https:\/\/www.deltatrailers.fr\/en\/materiels-neufs\/#breadcrumb\"},\"inLanguage\":\"en-US\",\"potentialAction\":[{\"@type\":\"ReadAction\",\"target\":[\"https:\/\/www.deltatrailers.fr\/en\/materiels-neufs\/\"]}]},{\"@type\":\"ImageObject\",\"inLanguage\":\"en-US\",\"@id\":\"https:\/\/www.deltatrailers.fr\/en\/materiels-neufs\/#primaryimage\",\"url\":\"https:\/\/www.deltatrailers.fr\/wp-content\/uploads\/2020\/08\/IMG_8721.jpg\",\"contentUrl\":\"https:\/\/www.deltatrailers.fr\/wp-content\/uploads\/2020\/08\/IMG_8721.jpg\"},{\"@type\":\"BreadcrumbList\",\"@id\":\"https:\/\/www.deltatrailers.fr\/en\/materiels-neufs\/#breadcrumb\",\"itemListElement\":[{\"@type\":\"ListItem\",\"position\":1,\"name\":\"Accueil\",\"item\":\"https:\/\/www.deltatrailers.fr\/en\/\"},{\"@type\":\"ListItem\",\"position\":2,\"name\":\"MAT\u00c9RIELS NEUFS\"}]},{\"@type\":\"WebSite\",\"@id\":\"https:\/\/www.deltatrailers.fr\/#website\",\"url\":\"https:\/\/www.deltatrailers.fr\/\",\"name\":\"DELTA\ud83d\udd3aTRAILERS\",\"description\":\"Delta Trailers Delta Trailers, distributeur de remorques et semi remorques neuves et occasions en Eure &amp; Loir.\",\"publisher\":{\"@id\":\"https:\/\/www.deltatrailers.fr\/#organization\"},\"potentialAction\":[{\"@type\":\"SearchAction\",\"target\":{\"@type\":\"EntryPoint\",\"urlTemplate\":\"https:\/\/www.deltatrailers.fr\/?s={search_term_string}\"},\"query-input\":{\"@type\":\"PropertyValueSpecification\",\"valueRequired\":true,\"valueName\":\"search_term_string\"}}],\"inLanguage\":\"en-US\"},{\"@type\":\"Organization\",\"@id\":\"https:\/\/www.deltatrailers.fr\/#organization\",\"name\":\"Delta Trailers\",\"url\":\"https:\/\/www.deltatrailers.fr\/\",\"logo\":{\"@type\":\"ImageObject\",\"inLanguage\":\"en-US\",\"@id\":\"https:\/\/www.deltatrailers.fr\/#\/schema\/logo\/image\/\",\"url\":\"https:\/\/www.deltatrailers.fr\/wp-content\/uploads\/2020\/01\/logo-b77c6ae2f55f54e097d743d409cef4a6.png\",\"contentUrl\":\"https:\/\/www.deltatrailers.fr\/wp-content\/uploads\/2020\/01\/logo-b77c6ae2f55f54e097d743d409cef4a6.png\",\"width\":357,\"height\":49,\"caption\":\"Delta Trailers\"},\"image\":{\"@id\":\"https:\/\/www.deltatrailers.fr\/#\/schema\/logo\/image\/\"},\"sameAs\":[\"https:\/\/www.facebook.com\/deltatrailers.fr\",\"https:\/\/www.instagram.com\/deltatrailers\/\",\"https:\/\/www.linkedin.com\/company\/deltatrailers\/\",\"https:\/\/www.youtube.com\/channel\/UC1Sdix0oUAnDXX2RKuWxixg\"]}]}<\/script>\n<!-- \/ Yoast SEO plugin. -->","yoast_head_json":{"title":"MAT\u00c9RIELS NEUFS - DELTA\ud83d\udd3aTRAILERS","description":"Delta Trailers, distributeur de remorques et semi remorques neuves et occasions en Eure & Loir - MAT\u00c9RIELS NEUFS DELTA\ud83d\udd3aTRAILERS","robots":{"index":"index","follow":"follow","max-snippet":"max-snippet:-1","max-image-preview":"max-image-preview:large","max-video-preview":"max-video-preview:-1"},"canonical":"https:\/\/www.deltatrailers.fr\/en\/materiels-neufs\/","og_locale":"en_US","og_type":"article","og_title":"MAT\u00c9RIELS NEUFS - DELTA\ud83d\udd3aTRAILERS","og_description":"Delta Trailers, distributeur de remorques et semi remorques neuves et occasions en Eure & Loir - MAT\u00c9RIELS NEUFS DELTA\ud83d\udd3aTRAILERS","og_url":"https:\/\/www.deltatrailers.fr\/en\/materiels-neufs\/","og_site_name":"DELTA\ud83d\udd3aTRAILERS","article_publisher":"https:\/\/www.facebook.com\/deltatrailers.fr","article_modified_time":"2024-11-01T08:47:39+00:00","og_image":[{"url":"https:\/\/www.deltatrailers.fr\/wp-content\/uploads\/2020\/08\/IMG_8721.jpg","type":"","width":"","height":""}],"twitter_card":"summary_large_image","twitter_misc":{"Est. reading time":"3 minutes"},"schema":{"@context":"https:\/\/schema.org","@graph":[{"@type":"WebPage","@id":"https:\/\/www.deltatrailers.fr\/en\/materiels-neufs\/","url":"https:\/\/www.deltatrailers.fr\/en\/materiels-neufs\/","name":"MAT\u00c9RIELS NEUFS - DELTA\ud83d\udd3aTRAILERS","isPartOf":{"@id":"https:\/\/www.deltatrailers.fr\/#website"},"primaryImageOfPage":{"@id":"https:\/\/www.deltatrailers.fr\/en\/materiels-neufs\/#primaryimage"},"image":{"@id":"https:\/\/www.deltatrailers.fr\/en\/materiels-neufs\/#primaryimage"},"thumbnailUrl":"https:\/\/www.deltatrailers.fr\/wp-content\/uploads\/2020\/08\/IMG_8721.jpg","datePublished":"2023-10-06T20:21:18+00:00","dateModified":"2024-11-01T08:47:39+00:00","description":"Delta Trailers, distributeur de remorques et semi remorques neuves et occasions en Eure & Loir - MAT\u00c9RIELS NEUFS DELTA\ud83d\udd3aTRAILERS","breadcrumb":{"@id":"https:\/\/www.deltatrailers.fr\/en\/materiels-neufs\/#breadcrumb"},"inLanguage":"en-US","potentialAction":[{"@type":"ReadAction","target":["https:\/\/www.deltatrailers.fr\/en\/materiels-neufs\/"]}]},{"@type":"ImageObject","inLanguage":"en-US","@id":"https:\/\/www.deltatrailers.fr\/en\/materiels-neufs\/#primaryimage","url":"https:\/\/www.deltatrailers.fr\/wp-content\/uploads\/2020\/08\/IMG_8721.jpg","contentUrl":"https:\/\/www.deltatrailers.fr\/wp-content\/uploads\/2020\/08\/IMG_8721.jpg"},{"@type":"BreadcrumbList","@id":"https:\/\/www.deltatrailers.fr\/en\/materiels-neufs\/#breadcrumb","itemListElement":[{"@type":"ListItem","position":1,"name":"Accueil","item":"https:\/\/www.deltatrailers.fr\/en\/"},{"@type":"ListItem","position":2,"name":"MAT\u00c9RIELS NEUFS"}]},{"@type":"WebSite","@id":"https:\/\/www.deltatrailers.fr\/#website","url":"https:\/\/www.deltatrailers.fr\/","name":"DELTA\ud83d\udd3aTRAILERS","description":"Delta Trailers Delta Trailers, distributeur de remorques et semi remorques neuves et occasions en Eure &amp; Loir.","publisher":{"@id":"https:\/\/www.deltatrailers.fr\/#organization"},"potentialAction":[{"@type":"SearchAction","target":{"@type":"EntryPoint","urlTemplate":"https:\/\/www.deltatrailers.fr\/?s={search_term_string}"},"query-input":{"@type":"PropertyValueSpecification","valueRequired":true,"valueName":"search_term_string"}}],"inLanguage":"en-US"},{"@type":"Organization","@id":"https:\/\/www.deltatrailers.fr\/#organization","name":"Delta Trailers","url":"https:\/\/www.deltatrailers.fr\/","logo":{"@type":"ImageObject","inLanguage":"en-US","@id":"https:\/\/www.deltatrailers.fr\/#\/schema\/logo\/image\/","url":"https:\/\/www.deltatrailers.fr\/wp-content\/uploads\/2020\/01\/logo-b77c6ae2f55f54e097d743d409cef4a6.png","contentUrl":"https:\/\/www.deltatrailers.fr\/wp-content\/uploads\/2020\/01\/logo-b77c6ae2f55f54e097d743d409cef4a6.png","width":357,"height":49,"caption":"Delta Trailers"},"image":{"@id":"https:\/\/www.deltatrailers.fr\/#\/schema\/logo\/image\/"},"sameAs":["https:\/\/www.facebook.com\/deltatrailers.fr","https:\/\/www.instagram.com\/deltatrailers\/","https:\/\/www.linkedin.com\/company\/deltatrailers\/","https:\/\/www.youtube.com\/channel\/UC1Sdix0oUAnDXX2RKuWxixg"]}]}},"jetpack_sharing_enabled":true,"rttpg_featured_image_url":null,"rttpg_author":{"display_name":"Eric AKAFFOU","author_link":"https:\/\/www.deltatrailers.fr\/en\/author\/akaffou-ericme-com\/"},"rttpg_comment":0,"rttpg_category":null,"rttpg_excerpt":"Works tipper Cereal tipper Scrap tipper Tank Moving floor Box trailer Refrigerated trailer Genset Flatbed Container chassis Low loader trailer Drawbar trailers Curtainsider","_links":{"self":[{"href":"https:\/\/www.deltatrailers.fr\/en\/wp-json\/wp\/v2\/pages\/21486","targetHints":{"allow":["GET"]}}],"collection":[{"href":"https:\/\/www.deltatrailers.fr\/en\/wp-json\/wp\/v2\/pages"}],"about":[{"href":"https:\/\/www.deltatrailers.fr\/en\/wp-json\/wp\/v2\/types\/page"}],"author":[{"embeddable":true,"href":"https:\/\/www.deltatrailers.fr\/en\/wp-json\/wp\/v2\/users\/6"}],"replies":[{"embeddable":true,"href":"https:\/\/www.deltatrailers.fr\/en\/wp-json\/wp\/v2\/comments?post=21486"}],"version-history":[{"count":6,"href":"https:\/\/www.deltatrailers.fr\/en\/wp-json\/wp\/v2\/pages\/21486\/revisions"}],"predecessor-version":[{"id":23684,"href":"https:\/\/www.deltatrailers.fr\/en\/wp-json\/wp\/v2\/pages\/21486\/revisions\/23684"}],"wp:attachment":[{"href":"https:\/\/www.deltatrailers.fr\/en\/wp-json\/wp\/v2\/media?parent=21486"}],"curies":[{"name":"wp","href":"https:\/\/api.w.org\/{rel}","templated":true}]}}